{"id":24,"date":"2023-06-16T09:37:00","date_gmt":"2023-06-16T07:37:00","guid":{"rendered":"https:\/\/deltatech.hu\/?page_id=24"},"modified":"2025-02-19T09:14:53","modified_gmt":"2025-02-19T08:14:53","slug":"qualitats-und-umweltmanagement","status":"publish","type":"page","link":"https:\/\/deltatech.hu\/de\/ceginformacio\/palyazatok-2\/","title":{"rendered":"Qualit\u00e4ts- und Umweltmanagement"},"content":{"rendered":"<div data-elementor-type=\"wp-page\" data-elementor-id=\"24\" class=\"elementor elementor-24\" data-elementor-post-type=\"page\">\n\t\t\t\t\t\t<section class=\"elementor-section elementor-top-section elementor-element elementor-element-1c904ae elementor-section-boxed elementor-section-height-default elementor-section-height-default\" data-id=\"1c904ae\" data-element_type=\"section\" data-e-type=\"section\" data-settings=\"{&quot;background_background&quot;:&quot;classic&quot;}\">\n\t\t\t\t\t\t<div class=\"elementor-container elementor-column-gap-default\">\n\t\t\t\t\t<div class=\"elementor-column elementor-col-100 elementor-top-column elementor-element elementor-element-b74f182\" data-id=\"b74f182\" data-element_type=\"column\" data-e-type=\"column\">\n\t\t\t<div class=\"elementor-widget-wrap elementor-element-populated\">\n\t\t\t\t\t\t<div class=\"elementor-element elementor-element-6a66818 elementor-icon-list--layout-inline elementor-list-item-link-full_width elementor-widget elementor-widget-icon-list\" data-id=\"6a66818\" data-element_type=\"widget\" data-e-type=\"widget\" data-widget_type=\"icon-list.default\">\n\t\t\t\t<div class=\"elementor-widget-container\">\n\t\t\t\t\t\t\t<ul class=\"elementor-icon-list-items elementor-inline-items\">\n\t\t\t\t\t\t\t<li class=\"elementor-icon-list-item elementor-inline-item\">\n\t\t\t\t\t\t\t\t\t\t\t<a href=\"https:\/\/deltatech.hu\/de\">\n\n\t\t\t\t\t\t\t\t\t\t\t<span class=\"elementor-icon-list-text\">Home<\/span>\n\t\t\t\t\t\t\t\t\t\t\t<\/a>\n\t\t\t\t\t\t\t\t\t<\/li>\n\t\t\t\t\t\t\t\t<li class=\"elementor-icon-list-item elementor-inline-item\">\n\t\t\t\t\t\t\t\t\t\t\t<span class=\"elementor-icon-list-icon\">\n\t\t\t\t\t\t\t<svg aria-hidden=\"true\" class=\"e-font-icon-svg e-fas-chevron-right\" viewbox=\"0 0 320 512\" xmlns=\"http:\/\/www.w3.org\/2000\/svg\"><path d=\"M285.476 272.971L91.132 467.314c-9.373 9.373-24.569 9.373-33.941 0l-22.667-22.667c-9.357-9.357-9.375-24.522-.04-33.901L188.505 256 34.484 101.255c-9.335-9.379-9.317-24.544.04-33.901l22.667-22.667c9.373-9.373 24.569-9.373 33.941 0L285.475 239.03c9.373 9.372 9.373 24.568.001 33.941z\"><\/path><\/svg>\t\t\t\t\t\t<\/span>\n\t\t\t\t\t\t\t\t\t\t<span class=\"elementor-icon-list-text\">Informationen zum Unternehmen<\/span>\n\t\t\t\t\t\t\t\t\t<\/li>\n\t\t\t\t\t\t\t\t<li class=\"elementor-icon-list-item elementor-inline-item\">\n\t\t\t\t\t\t\t\t\t\t\t<span class=\"elementor-icon-list-icon\">\n\t\t\t\t\t\t\t<svg aria-hidden=\"true\" class=\"e-font-icon-svg e-fas-chevron-right\" viewbox=\"0 0 320 512\" xmlns=\"http:\/\/www.w3.org\/2000\/svg\"><path d=\"M285.476 272.971L91.132 467.314c-9.373 9.373-24.569 9.373-33.941 0l-22.667-22.667c-9.357-9.357-9.375-24.522-.04-33.901L188.505 256 34.484 101.255c-9.335-9.379-9.317-24.544.04-33.901l22.667-22.667c9.373-9.373 24.569-9.373 33.941 0L285.475 239.03c9.373 9.372 9.373 24.568.001 33.941z\"><\/path><\/svg>\t\t\t\t\t\t<\/span>\n\t\t\t\t\t\t\t\t\t\t<span class=\"elementor-icon-list-text\">Qualit\u00e4ts- und Umweltmanagement<\/span>\n\t\t\t\t\t\t\t\t\t<\/li>\n\t\t\t\t\t\t<\/ul>\n\t\t\t\t\t\t<\/div>\n\t\t\t\t<\/div>\n\t\t\t\t\t<\/div>\n\t\t<\/div>\n\t\t\t\t\t<\/div>\n\t\t<\/section>\n\t\t\t\t<section class=\"elementor-section elementor-top-section elementor-element elementor-element-ce085d8 elementor-section-boxed elementor-section-height-default elementor-section-height-default\" data-id=\"ce085d8\" data-element_type=\"section\" data-e-type=\"section\" data-settings=\"{&quot;background_background&quot;:&quot;classic&quot;}\">\n\t\t\t\t\t\t<div class=\"elementor-container elementor-column-gap-wide\">\n\t\t\t\t\t<div class=\"elementor-column elementor-col-100 elementor-top-column elementor-element elementor-element-d8dbc36\" data-id=\"d8dbc36\" data-element_type=\"column\" data-e-type=\"column\">\n\t\t\t<div class=\"elementor-widget-wrap elementor-element-populated\">\n\t\t\t\t\t\t<div class=\"elementor-element elementor-element-82c7032 elementor-widget elementor-widget-heading\" data-id=\"82c7032\" data-element_type=\"widget\" data-e-type=\"widget\" data-widget_type=\"heading.default\">\n\t\t\t\t<div class=\"elementor-widget-container\">\n\t\t\t\t\t<h1 class=\"elementor-heading-title elementor-size-default\">Qualit\u00e4ts- und Umweltmanagement<\/h1>\t\t\t\t<\/div>\n\t\t\t\t<\/div>\n\t\t\t\t<div class=\"elementor-element elementor-element-8770c1b elementor-widget elementor-widget-text-editor\" data-id=\"8770c1b\" data-element_type=\"widget\" data-e-type=\"widget\" data-widget_type=\"text-editor.default\">\n\t\t\t\t<div class=\"elementor-widget-container\">\n\t\t\t\t\t\t\t\t\tDie Zertifizierungen nach ISO 9001, ISO 14001 und ABOS 2, 3 garantieren eine hohe Qualit\u00e4t der Produktionsprozesse, \u00f6kologische Nachhaltigkeit und Zuverl\u00e4ssigkeit. Alle F\u00fchrungskr\u00e4fte und Mitarbeiter der Gruppe f\u00fchren ihre Aufgaben nach strengen Anforderunges der Qualit\u00e4tssicherungs aus.\n\t\t\t\t\t\t\t\t<\/div>\n\t\t\t\t<\/div>\n\t\t\t\t\t<\/div>\n\t\t<\/div>\n\t\t\t\t\t<\/div>\n\t\t<\/section>\n\t\t\t\t<section class=\"elementor-section elementor-top-section elementor-element elementor-element-2d86e54 elementor-reverse-tablet elementor-reverse-mobile elementor-section-boxed elementor-section-height-default elementor-section-height-default\" data-id=\"2d86e54\" data-element_type=\"section\" data-e-type=\"section\">\n\t\t\t\t\t\t<div class=\"elementor-container elementor-column-gap-wide\">\n\t\t\t\t\t<div class=\"elementor-column elementor-col-50 elementor-top-column elementor-element elementor-element-f2a10f4\" data-id=\"f2a10f4\" data-element_type=\"column\" data-e-type=\"column\" data-settings=\"{&quot;background_background&quot;:&quot;classic&quot;}\">\n\t\t\t<div class=\"elementor-widget-wrap elementor-element-populated\">\n\t\t\t\t\t\t<div class=\"elementor-element elementor-element-cf8dfa2 elementor-widget__width-initial elementor-widget elementor-widget-image\" data-id=\"cf8dfa2\" data-element_type=\"widget\" data-e-type=\"widget\" data-widget_type=\"image.default\">\n\t\t\t\t<div class=\"elementor-widget-container\">\n\t\t\t\t\t\t\t\t\t\t\t\t\t\t\t\t<a href=\"https:\/\/deltatech.hu\/wp-content\/uploads\/2024\/08\/Matra_ISO-9001_hu.png\" data-elementor-open-lightbox=\"yes\" data-elementor-lightbox-title=\"Matra_ISO-9001_hu\" data-e-action-hash=\"#elementor-action%3Aaction%3Dlightbox%26settings%3DeyJpZCI6MzgyMCwidXJsIjoiaHR0cHM6XC9cL2RlbHRhdGVjaC5odVwvd3AtY29udGVudFwvdXBsb2Fkc1wvMjAyNFwvMDhcL01hdHJhX0lTTy05MDAxX2h1LnBuZyJ9\">\n\t\t\t\t\t\t\t<img fetchpriority=\"high\" decoding=\"async\" width=\"693\" height=\"975\" src=\"https:\/\/deltatech.hu\/wp-content\/uploads\/2024\/08\/Matra_ISO-9001_hu.png\" class=\"attachment-full size-full wp-image-3820\" alt=\"\" srcset=\"https:\/\/deltatech.hu\/wp-content\/uploads\/2024\/08\/Matra_ISO-9001_hu.png 693w, https:\/\/deltatech.hu\/wp-content\/uploads\/2024\/08\/Matra_ISO-9001_hu-213x300.png 213w, https:\/\/deltatech.hu\/wp-content\/uploads\/2024\/08\/Matra_ISO-9001_hu-9x12.png 9w\" sizes=\"(max-width: 693px) 100vw, 693px\" \/>\t\t\t\t\t\t\t\t<\/a>\n\t\t\t\t\t\t\t\t\t\t\t\t\t\t\t<\/div>\n\t\t\t\t<\/div>\n\t\t\t\t<div class=\"elementor-element elementor-element-a2e0003 elementor-widget__width-initial elementor-widget elementor-widget-image\" data-id=\"a2e0003\" data-element_type=\"widget\" data-e-type=\"widget\" data-widget_type=\"image.default\">\n\t\t\t\t<div class=\"elementor-widget-container\">\n\t\t\t\t\t\t\t\t\t\t\t\t\t\t\t\t<a href=\"https:\/\/deltatech.hu\/wp-content\/uploads\/2023\/11\/delta-9001-hun.jpg\" data-elementor-open-lightbox=\"yes\" data-elementor-lightbox-title=\"delta-9001-hun\" data-e-action-hash=\"#elementor-action%3Aaction%3Dlightbox%26settings%3DeyJpZCI6Mjk4MiwidXJsIjoiaHR0cHM6XC9cL2RlbHRhdGVjaC5odVwvd3AtY29udGVudFwvdXBsb2Fkc1wvMjAyM1wvMTFcL2RlbHRhLTkwMDEtaHVuLmpwZyJ9\">\n\t\t\t\t\t\t\t<img decoding=\"async\" width=\"1241\" height=\"1755\" src=\"https:\/\/deltatech.hu\/wp-content\/uploads\/2023\/11\/delta-9001-hun.jpg\" class=\"attachment-full size-full wp-image-2982\" alt=\"\" srcset=\"https:\/\/deltatech.hu\/wp-content\/uploads\/2023\/11\/delta-9001-hun.jpg 1241w, https:\/\/deltatech.hu\/wp-content\/uploads\/2023\/11\/delta-9001-hun-212x300.jpg 212w, https:\/\/deltatech.hu\/wp-content\/uploads\/2023\/11\/delta-9001-hun-724x1024.jpg 724w, https:\/\/deltatech.hu\/wp-content\/uploads\/2023\/11\/delta-9001-hun-768x1086.jpg 768w, https:\/\/deltatech.hu\/wp-content\/uploads\/2023\/11\/delta-9001-hun-1086x1536.jpg 1086w, https:\/\/deltatech.hu\/wp-content\/uploads\/2023\/11\/delta-9001-hun-8x12.jpg 8w\" sizes=\"(max-width: 1241px) 100vw, 1241px\" \/>\t\t\t\t\t\t\t\t<\/a>\n\t\t\t\t\t\t\t\t\t\t\t\t\t\t\t<\/div>\n\t\t\t\t<\/div>\n\t\t\t\t\t<\/div>\n\t\t<\/div>\n\t\t\t\t<div class=\"elementor-column elementor-col-50 elementor-top-column elementor-element elementor-element-d2f03fd\" data-id=\"d2f03fd\" data-element_type=\"column\" data-e-type=\"column\">\n\t\t\t<div class=\"elementor-widget-wrap elementor-element-populated\">\n\t\t\t\t\t\t<div class=\"elementor-element elementor-element-05b87a3 elementor-widget elementor-widget-heading\" data-id=\"05b87a3\" data-element_type=\"widget\" data-e-type=\"widget\" data-widget_type=\"heading.default\">\n\t\t\t\t<div class=\"elementor-widget-container\">\n\t\t\t\t\t<h2 class=\"elementor-heading-title elementor-size-default\">ISO 9001<\/h2>\t\t\t\t<\/div>\n\t\t\t\t<\/div>\n\t\t\t\t<div class=\"elementor-element elementor-element-975a968 elementor-widget elementor-widget-text-editor\" data-id=\"975a968\" data-element_type=\"widget\" data-e-type=\"widget\" data-widget_type=\"text-editor.default\">\n\t\t\t\t<div class=\"elementor-widget-container\">\n\t\t\t\t\t\t\t\t\t<p>A DELTA &#8211; TECH Kft. 2002. j\u00falius \u00f3ta m\u0171k\u00f6dteti min\u0151s\u00e9gir\u00e1ny\u00edt\u00e1si rendszer\u00e9t, birtokosa az ISO 9001:2015 Ir\u00e1ny\u00edt\u00e1si rendszer tan\u00fas\u00edtv\u00e1nynak, amely az al\u00e1bbi tev\u00e9kenys\u00e9gi k\u00f6rre \u00e9rv\u00e9nyes:<\/p><p>Entwurf, Herstellung und Inbetriebnahme von automatisierten Industriemaschinen, Montagelinien, Verpackungsanlagen, Messger\u00e4ten und Industriekomponenten.<\/p><p>Das Zertifikat ist bis zum 31. Juli 2026 g\u00fcltig.<\/p>\t\t\t\t\t\t\t\t<\/div>\n\t\t\t\t<\/div>\n\t\t\t\t\t<\/div>\n\t\t<\/div>\n\t\t\t\t\t<\/div>\n\t\t<\/section>\n\t\t\t\t<section class=\"elementor-section elementor-top-section elementor-element elementor-element-90cc3ed elementor-section-boxed elementor-section-height-default elementor-section-height-default\" data-id=\"90cc3ed\" data-element_type=\"section\" data-e-type=\"section\">\n\t\t\t\t\t\t<div class=\"elementor-container elementor-column-gap-wide\">\n\t\t\t\t\t<div class=\"elementor-column elementor-col-50 elementor-top-column elementor-element elementor-element-e4d3e83\" data-id=\"e4d3e83\" data-element_type=\"column\" data-e-type=\"column\">\n\t\t\t<div class=\"elementor-widget-wrap elementor-element-populated\">\n\t\t\t\t\t\t<div class=\"elementor-element elementor-element-01d298e elementor-widget elementor-widget-heading\" data-id=\"01d298e\" data-element_type=\"widget\" data-e-type=\"widget\" data-widget_type=\"heading.default\">\n\t\t\t\t<div class=\"elementor-widget-container\">\n\t\t\t\t\t<h2 class=\"elementor-heading-title elementor-size-default\">ISO 14001<\/h2>\t\t\t\t<\/div>\n\t\t\t\t<\/div>\n\t\t\t\t<div class=\"elementor-element elementor-element-9d511cf elementor-widget elementor-widget-text-editor\" data-id=\"9d511cf\" data-element_type=\"widget\" data-e-type=\"widget\" data-widget_type=\"text-editor.default\">\n\t\t\t\t<div class=\"elementor-widget-container\">\n\t\t\t\t\t\t\t\t\t<p>DELTA - TECH Ltd. wurde am 2. Juli 2014 zum ersten Mal mit dem ISO 14001:2015 Managementsystem-Zertifikat ausgezeichnet, das f\u00fcr die folgenden Aktivit\u00e4ten g\u00fcltig ist:<\/p><p>Entwurf, Herstellung und Inbetriebnahme von automatisierten Industriemaschinen, Montagelinien, Verpackungsanlagen, Messger\u00e4ten und Industriekomponenten.<\/p><p>Das Zertifikat ist bis zum 2. Juli 2026 g\u00fcltig.<\/p>\t\t\t\t\t\t\t\t<\/div>\n\t\t\t\t<\/div>\n\t\t\t\t\t<\/div>\n\t\t<\/div>\n\t\t\t\t<div class=\"elementor-column elementor-col-50 elementor-top-column elementor-element elementor-element-183e34d\" data-id=\"183e34d\" data-element_type=\"column\" data-e-type=\"column\" data-settings=\"{&quot;background_background&quot;:&quot;classic&quot;}\">\n\t\t\t<div class=\"elementor-widget-wrap elementor-element-populated\">\n\t\t\t\t\t\t<div class=\"elementor-element elementor-element-8e2499a elementor-widget__width-initial elementor-widget elementor-widget-image\" data-id=\"8e2499a\" data-element_type=\"widget\" data-e-type=\"widget\" data-widget_type=\"image.default\">\n\t\t\t\t<div class=\"elementor-widget-container\">\n\t\t\t\t\t\t\t\t\t\t\t\t\t\t\t\t<a href=\"https:\/\/deltatech.hu\/wp-content\/uploads\/2024\/08\/Matra_ISO-14001_hu.png\" data-elementor-open-lightbox=\"yes\" data-elementor-lightbox-title=\"Matra_ISO-14001_hu\" data-e-action-hash=\"#elementor-action%3Aaction%3Dlightbox%26settings%3DeyJpZCI6MzgyMSwidXJsIjoiaHR0cHM6XC9cL2RlbHRhdGVjaC5odVwvd3AtY29udGVudFwvdXBsb2Fkc1wvMjAyNFwvMDhcL01hdHJhX0lTTy0xNDAwMV9odS5wbmcifQ%3D%3D\">\n\t\t\t\t\t\t\t<img decoding=\"async\" width=\"689\" height=\"976\" src=\"https:\/\/deltatech.hu\/wp-content\/uploads\/2024\/08\/Matra_ISO-14001_hu.png\" class=\"attachment-full size-full wp-image-3821\" alt=\"\" srcset=\"https:\/\/deltatech.hu\/wp-content\/uploads\/2024\/08\/Matra_ISO-14001_hu.png 689w, https:\/\/deltatech.hu\/wp-content\/uploads\/2024\/08\/Matra_ISO-14001_hu-212x300.png 212w, https:\/\/deltatech.hu\/wp-content\/uploads\/2024\/08\/Matra_ISO-14001_hu-8x12.png 8w\" sizes=\"(max-width: 689px) 100vw, 689px\" \/>\t\t\t\t\t\t\t\t<\/a>\n\t\t\t\t\t\t\t\t\t\t\t\t\t\t\t<\/div>\n\t\t\t\t<\/div>\n\t\t\t\t<div class=\"elementor-element elementor-element-e031b8e elementor-widget__width-initial elementor-widget elementor-widget-image\" data-id=\"e031b8e\" data-element_type=\"widget\" data-e-type=\"widget\" data-widget_type=\"image.default\">\n\t\t\t\t<div class=\"elementor-widget-container\">\n\t\t\t\t\t\t\t\t\t\t\t\t\t\t\t\t<a href=\"https:\/\/deltatech.hu\/wp-content\/uploads\/2023\/11\/delta-14001-hun.jpg\" data-elementor-open-lightbox=\"yes\" data-elementor-lightbox-title=\"delta-14001-hun\" data-e-action-hash=\"#elementor-action%3Aaction%3Dlightbox%26settings%3DeyJpZCI6Mjk4NCwidXJsIjoiaHR0cHM6XC9cL2RlbHRhdGVjaC5odVwvd3AtY29udGVudFwvdXBsb2Fkc1wvMjAyM1wvMTFcL2RlbHRhLTE0MDAxLWh1bi5qcGcifQ%3D%3D\">\n\t\t\t\t\t\t\t<img loading=\"lazy\" decoding=\"async\" width=\"1241\" height=\"1755\" src=\"https:\/\/deltatech.hu\/wp-content\/uploads\/2023\/11\/delta-14001-hun.jpg\" class=\"attachment-full size-full wp-image-2984\" alt=\"\" srcset=\"https:\/\/deltatech.hu\/wp-content\/uploads\/2023\/11\/delta-14001-hun.jpg 1241w, https:\/\/deltatech.hu\/wp-content\/uploads\/2023\/11\/delta-14001-hun-212x300.jpg 212w, https:\/\/deltatech.hu\/wp-content\/uploads\/2023\/11\/delta-14001-hun-724x1024.jpg 724w, https:\/\/deltatech.hu\/wp-content\/uploads\/2023\/11\/delta-14001-hun-768x1086.jpg 768w, https:\/\/deltatech.hu\/wp-content\/uploads\/2023\/11\/delta-14001-hun-1086x1536.jpg 1086w, https:\/\/deltatech.hu\/wp-content\/uploads\/2023\/11\/delta-14001-hun-8x12.jpg 8w\" sizes=\"(max-width: 1241px) 100vw, 1241px\" \/>\t\t\t\t\t\t\t\t<\/a>\n\t\t\t\t\t\t\t\t\t\t\t\t\t\t\t<\/div>\n\t\t\t\t<\/div>\n\t\t\t\t\t<\/div>\n\t\t<\/div>\n\t\t\t\t\t<\/div>\n\t\t<\/section>\n\t\t\t\t<section class=\"elementor-section elementor-top-section elementor-element elementor-element-0ed9ccc elementor-reverse-tablet elementor-reverse-mobile elementor-section-boxed elementor-section-height-default elementor-section-height-default\" data-id=\"0ed9ccc\" data-element_type=\"section\" data-e-type=\"section\">\n\t\t\t\t\t\t<div class=\"elementor-container elementor-column-gap-wide\">\n\t\t\t\t\t<div class=\"elementor-column elementor-col-50 elementor-top-column elementor-element elementor-element-176956e\" data-id=\"176956e\" data-element_type=\"column\" data-e-type=\"column\" data-settings=\"{&quot;background_background&quot;:&quot;classic&quot;}\">\n\t\t\t<div class=\"elementor-widget-wrap elementor-element-populated\">\n\t\t\t\t\t\t<div class=\"elementor-element elementor-element-aabc109 elementor-widget elementor-widget-image\" data-id=\"aabc109\" data-element_type=\"widget\" data-e-type=\"widget\" data-widget_type=\"image.default\">\n\t\t\t\t<div class=\"elementor-widget-container\">\n\t\t\t\t\t\t\t\t\t\t\t\t\t\t\t\t<a href=\"https:\/\/deltatech.hu\/wp-content\/uploads\/2023\/11\/MVM_Minosito_lap-pdf.webp\" data-elementor-open-lightbox=\"yes\" data-elementor-lightbox-title=\"MVM_Minosito_lap-pdf\" data-e-action-hash=\"#elementor-action%3Aaction%3Dlightbox%26settings%3DeyJpZCI6Mjk2MSwidXJsIjoiaHR0cHM6XC9cL2RlbHRhdGVjaC5odVwvd3AtY29udGVudFwvdXBsb2Fkc1wvMjAyM1wvMTFcL01WTV9NaW5vc2l0b19sYXAtcGRmLndlYnAifQ%3D%3D\">\n\t\t\t\t\t\t\t<img loading=\"lazy\" decoding=\"async\" width=\"1190\" height=\"1682\" src=\"https:\/\/deltatech.hu\/wp-content\/uploads\/2023\/11\/MVM_Minosito_lap-pdf.webp\" class=\"attachment-full size-full wp-image-2961\" alt=\"\" srcset=\"https:\/\/deltatech.hu\/wp-content\/uploads\/2023\/11\/MVM_Minosito_lap-pdf.webp 1190w, https:\/\/deltatech.hu\/wp-content\/uploads\/2023\/11\/MVM_Minosito_lap-pdf-212x300.webp 212w, https:\/\/deltatech.hu\/wp-content\/uploads\/2023\/11\/MVM_Minosito_lap-pdf-724x1024.webp 724w, https:\/\/deltatech.hu\/wp-content\/uploads\/2023\/11\/MVM_Minosito_lap-pdf-768x1086.webp 768w, https:\/\/deltatech.hu\/wp-content\/uploads\/2023\/11\/MVM_Minosito_lap-pdf-1087x1536.webp 1087w, https:\/\/deltatech.hu\/wp-content\/uploads\/2023\/11\/MVM_Minosito_lap-pdf-8x12.webp 8w\" sizes=\"(max-width: 1190px) 100vw, 1190px\" \/>\t\t\t\t\t\t\t\t<\/a>\n\t\t\t\t\t\t\t\t\t\t\t\t\t\t\t<\/div>\n\t\t\t\t<\/div>\n\t\t\t\t\t<\/div>\n\t\t<\/div>\n\t\t\t\t<div class=\"elementor-column elementor-col-50 elementor-top-column elementor-element elementor-element-3a63926\" data-id=\"3a63926\" data-element_type=\"column\" data-e-type=\"column\">\n\t\t\t<div class=\"elementor-widget-wrap elementor-element-populated\">\n\t\t\t\t\t\t<div class=\"elementor-element elementor-element-a65bc23 elementor-widget elementor-widget-heading\" data-id=\"a65bc23\" data-element_type=\"widget\" data-e-type=\"widget\" data-widget_type=\"heading.default\">\n\t\t\t\t<div class=\"elementor-widget-container\">\n\t\t\t\t\t<h2 class=\"elementor-heading-title elementor-size-default\">ABOS 2 \u00e9s 3<\/h2>\t\t\t\t<\/div>\n\t\t\t\t<\/div>\n\t\t\t\t<div class=\"elementor-element elementor-element-10a3071 elementor-widget elementor-widget-text-editor\" data-id=\"10a3071\" data-element_type=\"widget\" data-e-type=\"widget\" data-widget_type=\"text-editor.default\">\n\t\t\t\t<div class=\"elementor-widget-container\">\n\t\t\t\t\t\t\t\t\t<p>Am 10. M\u00e4rz 2023 hat die MVM Paks Nuclear Power Plant Zrt. bescheinigt, dass das Qualit\u00e4tsmanagementsystem der DELTA - TECH Ltd. ihren Anforderungen entspricht. Zertifizierter Bereich:<\/p><p>Durchf\u00fchrung von Konstruktions-, Fertigungs-, Instandhaltungs- und Sachverst\u00e4ndigent\u00e4tigkeiten (Gutachten, technische Analysen) im Zusammenhang mit der \u00c4nderung, Wartung und Instandsetzung von elektrischen und leittechnischen Komponenten der Sicherheitsklassen ABOS 2, 3, einschlie\u00dflich Messger\u00e4te und Messeinrichtungen.\nDie Zertifizierung ist bis zum 28. Februar 2026 g\u00fcltig.<\/p>\t\t\t\t\t\t\t\t<\/div>\n\t\t\t\t<\/div>\n\t\t\t\t\t<\/div>\n\t\t<\/div>\n\t\t\t\t\t<\/div>\n\t\t<\/section>\n\t\t\t\t<section class=\"elementor-section elementor-top-section elementor-element elementor-element-ae20dc5 elementor-section-boxed elementor-section-height-default elementor-section-height-default\" data-id=\"ae20dc5\" data-element_type=\"section\" data-e-type=\"section\">\n\t\t\t\t\t\t<div class=\"elementor-container elementor-column-gap-wide\">\n\t\t\t\t\t<div class=\"elementor-column elementor-col-25 elementor-top-column elementor-element elementor-element-54bb648\" data-id=\"54bb648\" data-element_type=\"column\" data-e-type=\"column\">\n\t\t\t<div class=\"elementor-widget-wrap elementor-element-populated\">\n\t\t\t\t\t\t<div class=\"elementor-element elementor-element-bfc98c8 elementor-view-default elementor-position-block-start elementor-mobile-position-block-start elementor-widget elementor-widget-icon-box\" data-id=\"bfc98c8\" data-element_type=\"widget\" data-e-type=\"widget\" data-widget_type=\"icon-box.default\">\n\t\t\t\t<div class=\"elementor-widget-container\">\n\t\t\t\t\t\t\t<div class=\"elementor-icon-box-wrapper\">\n\n\t\t\t\t\t\t<div class=\"elementor-icon-box-icon\">\n\t\t\t\t<a href=\"\/wp-content\/uploads\/2023\/07\/Minoseg-es_Kornyezetiranyitasi_Szabalyzat_3__Kiadas.pdf\" target=\"_blank\" class=\"elementor-icon\" tabindex=\"-1\" aria-label=\"Qualit\u00e4ts- und Umwelt-managementpolitik\">\n\t\t\t\t<svg aria-hidden=\"true\" class=\"e-font-icon-svg e-fas-file-pdf\" viewbox=\"0 0 384 512\" xmlns=\"http:\/\/www.w3.org\/2000\/svg\"><path d=\"M181.9 256.1c-5-16-4.9-46.9-2-46.9 8.4 0 7.6 36.9 2 46.9zm-1.7 47.2c-7.7 20.2-17.3 43.3-28.4 62.7 18.3-7 39-17.2 62.9-21.9-12.7-9.6-24.9-23.4-34.5-40.8zM86.1 428.1c0 .8 13.2-5.4 34.9-40.2-6.7 6.3-29.1 24.5-34.9 40.2zM248 160h136v328c0 13.3-10.7 24-24 24H24c-13.3 0-24-10.7-24-24V24C0 10.7 10.7 0 24 0h200v136c0 13.2 10.8 24 24 24zm-8 171.8c-20-12.2-33.3-29-42.7-53.8 4.5-18.5 11.6-46.6 6.2-64.2-4.7-29.4-42.4-26.5-47.8-6.8-5 18.3-.4 44.1 8.1 77-11.6 27.6-28.7 64.6-40.8 85.8-.1 0-.1.1-.2.1-27.1 13.9-73.6 44.5-54.5 68 5.6 6.9 16 10 21.5 10 17.9 0 35.7-18 61.1-61.8 25.8-8.5 54.1-19.1 79-23.2 21.7 11.8 47.1 19.5 64 19.5 29.2 0 31.2-32 19.7-43.4-13.9-13.6-54.3-9.7-73.6-7.2zM377 105L279 7c-4.5-4.5-10.6-7-17-7h-6v128h128v-6.1c0-6.3-2.5-12.4-7-16.9zm-74.1 255.3c4.1-2.7-2.5-11.9-42.8-9 37.1 15.8 42.8 9 42.8 9z\"><\/path><\/svg>\t\t\t\t<\/a>\n\t\t\t<\/div>\n\t\t\t\n\t\t\t\t\t\t<div class=\"elementor-icon-box-content\">\n\n\t\t\t\t\t\t\t\t\t<h4 class=\"elementor-icon-box-title\">\n\t\t\t\t\t\t<a href=\"\/wp-content\/uploads\/2023\/07\/Minoseg-es_Kornyezetiranyitasi_Szabalyzat_3__Kiadas.pdf\" target=\"_blank\" >\n\t\t\t\t\t\t\tQualit\u00e4ts- und Umwelt-managementpolitik\t\t\t\t\t\t<\/a>\n\t\t\t\t\t<\/h4>\n\t\t\t\t\n\t\t\t\t\n\t\t\t<\/div>\n\t\t\t\n\t\t<\/div>\n\t\t\t\t\t\t<\/div>\n\t\t\t\t<\/div>\n\t\t\t\t\t<\/div>\n\t\t<\/div>\n\t\t\t\t<div class=\"elementor-column elementor-col-25 elementor-top-column elementor-element elementor-element-aa92b48\" data-id=\"aa92b48\" data-element_type=\"column\" data-e-type=\"column\">\n\t\t\t<div class=\"elementor-widget-wrap\">\n\t\t\t\t\t\t\t<\/div>\n\t\t<\/div>\n\t\t\t\t<div class=\"elementor-column elementor-col-25 elementor-top-column elementor-element elementor-element-4216006\" data-id=\"4216006\" data-element_type=\"column\" data-e-type=\"column\">\n\t\t\t<div class=\"elementor-widget-wrap\">\n\t\t\t\t\t\t\t<\/div>\n\t\t<\/div>\n\t\t\t\t<div class=\"elementor-column elementor-col-25 elementor-top-column elementor-element elementor-element-d5c7b46\" data-id=\"d5c7b46\" data-element_type=\"column\" data-e-type=\"column\">\n\t\t\t<div class=\"elementor-widget-wrap\">\n\t\t\t\t\t\t\t<\/div>\n\t\t<\/div>\n\t\t\t\t\t<\/div>\n\t\t<\/section>\n\t\t\t\t<\/div>","protected":false},"excerpt":{"rendered":"<p>Kezd\u0151lap C\u00e9ginform\u00e1ci\u00f3 Az ISO 9001, ISO 14001 \u00e9s ABOS 2, 3 min\u0151s\u00edt\u00e9sek garant\u00e1lj\u00e1k a magas sz\u00ednvonal\u00fa termel\u00e9si folyamatainkat, az \u00f6kol\u00f3giai fenntarthat\u00f3s\u00e1got \u00e9s a megb\u00edzhat\u00f3s\u00e1got. A c\u00e9gcsoport minden vezet\u0151je \u00e9s munkat\u00e1rsa a szigor\u00fa min\u0151s\u00e9gbiztos\u00edt\u00e1si k\u00f6vetelm\u00e9nyeknek megfelel\u0151en l\u00e1tja el a feladat\u00e1t. ISO 9001 A DELTA &#8211; TECH Kft. 2002. j\u00falius \u00f3ta m\u0171k\u00f6dteti min\u0151s\u00e9gir\u00e1ny\u00edt\u00e1si rendszer\u00e9t, birtokosa az ISO [&hellip;]<\/p>\n","protected":false},"author":1,"featured_media":0,"parent":12,"menu_order":0,"comment_status":"closed","ping_status":"closed","template":"","meta":{"_acf_changed":false,"footnotes":""},"class_list":["post-24","page","type-page","status-publish","hentry"],"acf":[],"_links":{"self":[{"href":"https:\/\/deltatech.hu\/de\/wp-json\/wp\/v2\/pages\/24","targetHints":{"allow":["GET"]}}],"collection":[{"href":"https:\/\/deltatech.hu\/de\/wp-json\/wp\/v2\/pages"}],"about":[{"href":"https:\/\/deltatech.hu\/de\/wp-json\/wp\/v2\/types\/page"}],"author":[{"embeddable":true,"href":"https:\/\/deltatech.hu\/de\/wp-json\/wp\/v2\/users\/1"}],"replies":[{"embeddable":true,"href":"https:\/\/deltatech.hu\/de\/wp-json\/wp\/v2\/comments?post=24"}],"version-history":[{"count":165,"href":"https:\/\/deltatech.hu\/de\/wp-json\/wp\/v2\/pages\/24\/revisions"}],"predecessor-version":[{"id":3967,"href":"https:\/\/deltatech.hu\/de\/wp-json\/wp\/v2\/pages\/24\/revisions\/3967"}],"up":[{"embeddable":true,"href":"https:\/\/deltatech.hu\/de\/wp-json\/wp\/v2\/pages\/12"}],"wp:attachment":[{"href":"https:\/\/deltatech.hu\/de\/wp-json\/wp\/v2\/media?parent=24"}],"curies":[{"name":"wp","href":"https:\/\/api.w.org\/{rel}","templated":true}]}}