{"id":26,"date":"2023-06-16T09:37:10","date_gmt":"2023-06-16T07:37:10","guid":{"rendered":"https:\/\/deltatech.hu\/?page_id=26"},"modified":"2023-11-02T13:37:16","modified_gmt":"2023-11-02T12:37:16","slug":"news","status":"publish","type":"page","link":"https:\/\/deltatech.hu\/de\/ceginformacio\/hirek\/","title":{"rendered":"News"},"content":{"rendered":"<div data-elementor-type=\"wp-page\" data-elementor-id=\"26\" class=\"elementor elementor-26\" data-elementor-post-type=\"page\">\n\t\t\t\t\t\t<section class=\"elementor-section elementor-top-section elementor-element elementor-element-3585157 elementor-section-boxed elementor-section-height-default elementor-section-height-default\" data-id=\"3585157\" data-element_type=\"section\" data-e-type=\"section\" data-settings=\"{&quot;background_background&quot;:&quot;classic&quot;}\">\n\t\t\t\t\t\t<div class=\"elementor-container elementor-column-gap-default\">\n\t\t\t\t\t<div class=\"elementor-column elementor-col-100 elementor-top-column elementor-element elementor-element-4e4f75a\" data-id=\"4e4f75a\" data-element_type=\"column\" data-e-type=\"column\">\n\t\t\t<div class=\"elementor-widget-wrap elementor-element-populated\">\n\t\t\t\t\t\t<div class=\"elementor-element elementor-element-4817ec6 elementor-icon-list--layout-inline elementor-list-item-link-full_width elementor-widget elementor-widget-icon-list\" data-id=\"4817ec6\" data-element_type=\"widget\" data-e-type=\"widget\" data-widget_type=\"icon-list.default\">\n\t\t\t\t<div class=\"elementor-widget-container\">\n\t\t\t\t\t\t\t<ul class=\"elementor-icon-list-items elementor-inline-items\">\n\t\t\t\t\t\t\t<li class=\"elementor-icon-list-item elementor-inline-item\">\n\t\t\t\t\t\t\t\t\t\t\t<a href=\"https:\/\/deltatech.hu\/de\">\n\n\t\t\t\t\t\t\t\t\t\t\t<span class=\"elementor-icon-list-text\">Home<\/span>\n\t\t\t\t\t\t\t\t\t\t\t<\/a>\n\t\t\t\t\t\t\t\t\t<\/li>\n\t\t\t\t\t\t\t\t<li class=\"elementor-icon-list-item elementor-inline-item\">\n\t\t\t\t\t\t\t\t\t\t\t<span class=\"elementor-icon-list-icon\">\n\t\t\t\t\t\t\t<svg aria-hidden=\"true\" class=\"e-font-icon-svg e-fas-chevron-right\" viewbox=\"0 0 320 512\" xmlns=\"http:\/\/www.w3.org\/2000\/svg\"><path d=\"M285.476 272.971L91.132 467.314c-9.373 9.373-24.569 9.373-33.941 0l-22.667-22.667c-9.357-9.357-9.375-24.522-.04-33.901L188.505 256 34.484 101.255c-9.335-9.379-9.317-24.544.04-33.901l22.667-22.667c9.373-9.373 24.569-9.373 33.941 0L285.475 239.03c9.373 9.372 9.373 24.568.001 33.941z\"><\/path><\/svg>\t\t\t\t\t\t<\/span>\n\t\t\t\t\t\t\t\t\t\t<span class=\"elementor-icon-list-text\">Informationen zum Unternehmen<\/span>\n\t\t\t\t\t\t\t\t\t<\/li>\n\t\t\t\t\t\t\t\t<li class=\"elementor-icon-list-item elementor-inline-item\">\n\t\t\t\t\t\t\t\t\t\t\t<span class=\"elementor-icon-list-icon\">\n\t\t\t\t\t\t\t<svg aria-hidden=\"true\" class=\"e-font-icon-svg e-fas-chevron-right\" viewbox=\"0 0 320 512\" xmlns=\"http:\/\/www.w3.org\/2000\/svg\"><path d=\"M285.476 272.971L91.132 467.314c-9.373 9.373-24.569 9.373-33.941 0l-22.667-22.667c-9.357-9.357-9.375-24.522-.04-33.901L188.505 256 34.484 101.255c-9.335-9.379-9.317-24.544.04-33.901l22.667-22.667c9.373-9.373 24.569-9.373 33.941 0L285.475 239.03c9.373 9.372 9.373 24.568.001 33.941z\"><\/path><\/svg>\t\t\t\t\t\t<\/span>\n\t\t\t\t\t\t\t\t\t\t<span class=\"elementor-icon-list-text\">News<\/span>\n\t\t\t\t\t\t\t\t\t<\/li>\n\t\t\t\t\t\t<\/ul>\n\t\t\t\t\t\t<\/div>\n\t\t\t\t<\/div>\n\t\t\t\t\t<\/div>\n\t\t<\/div>\n\t\t\t\t\t<\/div>\n\t\t<\/section>\n\t\t\t\t<section class=\"elementor-section elementor-top-section elementor-element elementor-element-96b69e1 elementor-section-boxed elementor-section-height-default elementor-section-height-default\" data-id=\"96b69e1\" data-element_type=\"section\" data-e-type=\"section\" data-settings=\"{&quot;background_background&quot;:&quot;classic&quot;}\">\n\t\t\t\t\t\t<div class=\"elementor-container elementor-column-gap-wide\">\n\t\t\t\t\t<div class=\"elementor-column elementor-col-100 elementor-top-column elementor-element elementor-element-f9fa8a6\" data-id=\"f9fa8a6\" data-element_type=\"column\" data-e-type=\"column\">\n\t\t\t<div class=\"elementor-widget-wrap elementor-element-populated\">\n\t\t\t\t\t\t<div class=\"elementor-element elementor-element-a1abcf9 elementor-widget elementor-widget-heading\" data-id=\"a1abcf9\" data-element_type=\"widget\" data-e-type=\"widget\" data-widget_type=\"heading.default\">\n\t\t\t\t<div class=\"elementor-widget-container\">\n\t\t\t\t\t<h1 class=\"elementor-heading-title elementor-size-default\">News<\/h1>\t\t\t\t<\/div>\n\t\t\t\t<\/div>\n\t\t\t\t<div class=\"elementor-element elementor-element-985e658 elementor-widget elementor-widget-text-editor\" data-id=\"985e658\" data-element_type=\"widget\" data-e-type=\"widget\" data-widget_type=\"text-editor.default\">\n\t\t\t\t<div class=\"elementor-widget-container\">\n\t\t\t\t\t\t\t\t\t<p>Erfahren Sie mehr \u00fcber unser Unternehmen und die von uns organisierten oder unterst\u00fctzten beruflichen und gesellschaftlichen Veranstaltungen.<\/p>\t\t\t\t\t\t\t\t<\/div>\n\t\t\t\t<\/div>\n\t\t\t\t\t<\/div>\n\t\t<\/div>\n\t\t\t\t\t<\/div>\n\t\t<\/section>\n\t\t\t\t<section class=\"elementor-section elementor-top-section elementor-element elementor-element-6649e31 elementor-section-boxed elementor-section-height-default elementor-section-height-default\" data-id=\"6649e31\" data-element_type=\"section\" data-e-type=\"section\" data-settings=\"{&quot;background_background&quot;:&quot;classic&quot;}\">\n\t\t\t\t\t\t<div class=\"elementor-container elementor-column-gap-wide\">\n\t\t\t\t\t<div class=\"elementor-column elementor-col-100 elementor-top-column elementor-element elementor-element-85e5bdd\" data-id=\"85e5bdd\" data-element_type=\"column\" data-e-type=\"column\">\n\t\t\t<div class=\"elementor-widget-wrap elementor-element-populated\">\n\t\t\t\t\t\t<div class=\"elementor-element elementor-element-2a55cb9 elementor-grid-3 elementor-grid-tablet-2 elementor-grid-mobile-1 elementor-posts--thumbnail-top elementor-card-shadow-yes elementor-posts__hover-gradient elementor-widget elementor-widget-posts\" data-id=\"2a55cb9\" data-element_type=\"widget\" data-e-type=\"widget\" data-settings=\"{&quot;cards_columns&quot;:&quot;3&quot;,&quot;cards_columns_tablet&quot;:&quot;2&quot;,&quot;cards_columns_mobile&quot;:&quot;1&quot;,&quot;cards_row_gap&quot;:{&quot;unit&quot;:&quot;px&quot;,&quot;size&quot;:35,&quot;sizes&quot;:[]},&quot;cards_row_gap_tablet&quot;:{&quot;unit&quot;:&quot;px&quot;,&quot;size&quot;:&quot;&quot;,&quot;sizes&quot;:[]},&quot;cards_row_gap_mobile&quot;:{&quot;unit&quot;:&quot;px&quot;,&quot;size&quot;:&quot;&quot;,&quot;sizes&quot;:[]}}\" data-widget_type=\"posts.cards\">\n\t\t\t\t<div class=\"elementor-widget-container\">\n\t\t\t\t\t\t\t<div class=\"elementor-posts-container elementor-posts elementor-posts--skin-cards elementor-grid\" role=\"list\">\n\t\t\t\t<article class=\"elementor-post elementor-grid-item post-4047 post type-post status-publish format-standard has-post-thumbnail hentry category-blog\" role=\"listitem\">\n\t\t\t<div class=\"elementor-post__card\">\n\t\t\t\t<a class=\"elementor-post__thumbnail__link\" href=\"https:\/\/deltatech.hu\/de\/bekes-meghitt-karacsonyi-unnepeket-es-sikerekben-gazdag-boldog-uj-evet-kivanunk\/\" tabindex=\"-1\"><div class=\"elementor-post__thumbnail\"><img fetchpriority=\"high\" decoding=\"async\" width=\"300\" height=\"167\" src=\"https:\/\/deltatech.hu\/wp-content\/uploads\/2025\/12\/image.psd-300x167.webp\" class=\"attachment-medium size-medium wp-image-4049\" alt=\"\" srcset=\"https:\/\/deltatech.hu\/wp-content\/uploads\/2025\/12\/image.psd-300x167.webp 300w, https:\/\/deltatech.hu\/wp-content\/uploads\/2025\/12\/image.psd-1024x569.webp 1024w, https:\/\/deltatech.hu\/wp-content\/uploads\/2025\/12\/image.psd-768x426.webp 768w, https:\/\/deltatech.hu\/wp-content\/uploads\/2025\/12\/image.psd-18x10.webp 18w, https:\/\/deltatech.hu\/wp-content\/uploads\/2025\/12\/image.psd.webp 1223w\" sizes=\"(max-width: 300px) 100vw, 300px\" \/><\/div><\/a>\n\t\t\t\t<div class=\"elementor-post__text\">\n\t\t\t\t<h3 class=\"elementor-post__title\">\n\t\t\t<a href=\"https:\/\/deltatech.hu\/de\/bekes-meghitt-karacsonyi-unnepeket-es-sikerekben-gazdag-boldog-uj-evet-kivanunk\/\">\n\t\t\t\tB\u00e9k\u00e9s, meghitt kar\u00e1csonyi \u00fcnnepeket \u00e9s sikerekben gazdag, boldog \u00faj \u00e9vet k\u00edv\u00e1nunk!\t\t\t<\/a>\n\t\t<\/h3>\n\t\t\t\t<div class=\"elementor-post__excerpt\">\n\t\t\t<p>C\u00e9g\u00fcnk \u00e9v v\u00e9gi munkarendje az al\u00e1bbiak szerint alakul: Utols\u00f3 munkanap: 2025. December 17. Le\u00e1ll\u00e1sunk alatt nem tartunk \u00fcgyf\u00e9lszolg\u00e1latot. 2026. Janu\u00e1r<\/p>\n\t\t<\/div>\n\t\t\n\t\t<a class=\"elementor-post__read-more\" href=\"https:\/\/deltatech.hu\/de\/bekes-meghitt-karacsonyi-unnepeket-es-sikerekben-gazdag-boldog-uj-evet-kivanunk\/\" aria-label=\"Read more about B\u00e9k\u00e9s, meghitt kar\u00e1csonyi \u00fcnnepeket \u00e9s sikerekben gazdag, boldog \u00faj \u00e9vet k\u00edv\u00e1nunk!\" tabindex=\"-1\">\n\t\t\tMehr lesen \u00bb\t\t<\/a>\n\n\t\t\t\t<\/div>\n\t\t\t\t\t<\/div>\n\t\t<\/article>\n\t\t\t\t<article class=\"elementor-post elementor-grid-item post-3992 post type-post status-publish format-standard has-post-thumbnail hentry category-blog\" role=\"listitem\">\n\t\t\t<div class=\"elementor-post__card\">\n\t\t\t\t<a class=\"elementor-post__thumbnail__link\" href=\"https:\/\/deltatech.hu\/de\/dupla-delta-tech-siker-a-magyar-ipari-celgep-nagydijon\/\" tabindex=\"-1\"><div class=\"elementor-post__thumbnail\"><img decoding=\"async\" width=\"203\" height=\"300\" src=\"https:\/\/deltatech.hu\/wp-content\/uploads\/2025\/07\/dij4-1-203x300.webp\" class=\"attachment-medium size-medium wp-image-3986\" alt=\"\" srcset=\"https:\/\/deltatech.hu\/wp-content\/uploads\/2025\/07\/dij4-1-203x300.webp 203w, https:\/\/deltatech.hu\/wp-content\/uploads\/2025\/07\/dij4-1-693x1024.webp 693w, https:\/\/deltatech.hu\/wp-content\/uploads\/2025\/07\/dij4-1-768x1134.webp 768w, https:\/\/deltatech.hu\/wp-content\/uploads\/2025\/07\/dij4-1-1040x1536.webp 1040w, https:\/\/deltatech.hu\/wp-content\/uploads\/2025\/07\/dij4-1-8x12.webp 8w, https:\/\/deltatech.hu\/wp-content\/uploads\/2025\/07\/dij4-1.webp 1300w\" sizes=\"(max-width: 203px) 100vw, 203px\" \/><\/div><\/a>\n\t\t\t\t<div class=\"elementor-post__text\">\n\t\t\t\t<h3 class=\"elementor-post__title\">\n\t\t\t<a href=\"https:\/\/deltatech.hu\/de\/dupla-delta-tech-siker-a-magyar-ipari-celgep-nagydijon\/\">\n\t\t\t\tDupla DELTA\u2013TECH siker a Magyar Ipari C\u00e9lg\u00e9p Nagyd\u00edjon!\t\t\t<\/a>\n\t\t<\/h3>\n\t\t\t\t<div class=\"elementor-post__excerpt\">\n\t\t\t<p>Hatalmas b\u00fcszkes\u00e9g sz\u00e1munkra, hogy k\u00e9t kateg\u00f3ri\u00e1ban is els\u0151 helyez\u00e9st \u00e9rt\u00fcnk el az \u00c9v C\u00e9lg\u00e9pe 2025 versenyen! Anyagmozgat\u00e1s, anyagt\u00e1rol\u00e1s g\u00e9pei kateg\u00f3ri\u00e1ban<\/p>\n\t\t<\/div>\n\t\t\n\t\t<a class=\"elementor-post__read-more\" href=\"https:\/\/deltatech.hu\/de\/dupla-delta-tech-siker-a-magyar-ipari-celgep-nagydijon\/\" aria-label=\"Read more about Dupla DELTA\u2013TECH siker a Magyar Ipari C\u00e9lg\u00e9p Nagyd\u00edjon!\" tabindex=\"-1\">\n\t\t\tMehr lesen \u00bb\t\t<\/a>\n\n\t\t\t\t<\/div>\n\t\t\t\t\t<\/div>\n\t\t<\/article>\n\t\t\t\t<article class=\"elementor-post elementor-grid-item post-3747 post type-post status-publish format-standard has-post-thumbnail hentry category-blog\" role=\"listitem\">\n\t\t\t<div class=\"elementor-post__card\">\n\t\t\t\t<a class=\"elementor-post__thumbnail__link\" href=\"https:\/\/deltatech.hu\/de\/bekes-karacsonyt-es-boldog-uj-evet-kivanunk\/\" tabindex=\"-1\"><div class=\"elementor-post__thumbnail\"><img decoding=\"async\" width=\"300\" height=\"214\" src=\"https:\/\/deltatech.hu\/wp-content\/uploads\/2023\/12\/Bgy_gombos_vagott_1-1-300x214.webp\" class=\"attachment-medium size-medium wp-image-3748\" alt=\"\" srcset=\"https:\/\/deltatech.hu\/wp-content\/uploads\/2023\/12\/Bgy_gombos_vagott_1-1-300x214.webp 300w, https:\/\/deltatech.hu\/wp-content\/uploads\/2023\/12\/Bgy_gombos_vagott_1-1-1024x732.webp 1024w, https:\/\/deltatech.hu\/wp-content\/uploads\/2023\/12\/Bgy_gombos_vagott_1-1-768x549.webp 768w, https:\/\/deltatech.hu\/wp-content\/uploads\/2023\/12\/Bgy_gombos_vagott_1-1-1536x1098.webp 1536w, https:\/\/deltatech.hu\/wp-content\/uploads\/2023\/12\/Bgy_gombos_vagott_1-1-18x12.webp 18w, https:\/\/deltatech.hu\/wp-content\/uploads\/2023\/12\/Bgy_gombos_vagott_1-1.webp 1920w\" sizes=\"(max-width: 300px) 100vw, 300px\" \/><\/div><\/a>\n\t\t\t\t<div class=\"elementor-post__text\">\n\t\t\t\t<h3 class=\"elementor-post__title\">\n\t\t\t<a href=\"https:\/\/deltatech.hu\/de\/bekes-karacsonyt-es-boldog-uj-evet-kivanunk\/\">\n\t\t\t\tWIR W\u00dcNSCHEN IHNEN EIN FROHES WEIHNACHTSFEST UND EINEN GUTEN RUTSCH INS NEUE JAHR!\t\t\t<\/a>\n\t\t<\/h3>\n\t\t\t\t<div class=\"elementor-post__excerpt\">\n\t\t\t<p>Wir m\u00f6chten Sie dar\u00fcber informieren, dass der Arbeitsplan unseres B\u00fcros zum Jahresende wie folgt aussehen wird:<\/p>\n\t\t<\/div>\n\t\t\n\t\t<a class=\"elementor-post__read-more\" href=\"https:\/\/deltatech.hu\/de\/bekes-karacsonyt-es-boldog-uj-evet-kivanunk\/\" aria-label=\"Read more about B\u00c9K\u00c9S KAR\u00c1CSONYT \u00c9S BOLDOG \u00daJ \u00c9VET K\u00cdV\u00c1NUNK!\" tabindex=\"-1\">\n\t\t\tMehr lesen \u00bb\t\t<\/a>\n\n\t\t\t\t<\/div>\n\t\t\t\t\t<\/div>\n\t\t<\/article>\n\t\t\t\t<article class=\"elementor-post elementor-grid-item post-2871 post type-post status-publish format-standard has-post-thumbnail hentry category-blog\" role=\"listitem\">\n\t\t\t<div class=\"elementor-post__card\">\n\t\t\t\t<a class=\"elementor-post__thumbnail__link\" href=\"https:\/\/deltatech.hu\/de\/modern-gyarak-ejszakaja-a-delta-tech-kft-nel\/\" tabindex=\"-1\"><div class=\"elementor-post__thumbnail\"><img loading=\"lazy\" decoding=\"async\" width=\"300\" height=\"300\" src=\"https:\/\/deltatech.hu\/wp-content\/uploads\/2023\/11\/moderngyarakajszakaja2023facebookposztkap-300x300.webp\" class=\"attachment-medium size-medium wp-image-2872\" alt=\"\" srcset=\"https:\/\/deltatech.hu\/wp-content\/uploads\/2023\/11\/moderngyarakajszakaja2023facebookposztkap-300x300.webp 300w, https:\/\/deltatech.hu\/wp-content\/uploads\/2023\/11\/moderngyarakajszakaja2023facebookposztkap-1024x1024.webp 1024w, https:\/\/deltatech.hu\/wp-content\/uploads\/2023\/11\/moderngyarakajszakaja2023facebookposztkap-150x150.webp 150w, https:\/\/deltatech.hu\/wp-content\/uploads\/2023\/11\/moderngyarakajszakaja2023facebookposztkap-768x768.webp 768w, https:\/\/deltatech.hu\/wp-content\/uploads\/2023\/11\/moderngyarakajszakaja2023facebookposztkap-12x12.webp 12w, https:\/\/deltatech.hu\/wp-content\/uploads\/2023\/11\/moderngyarakajszakaja2023facebookposztkap.webp 1200w\" sizes=\"(max-width: 300px) 100vw, 300px\" \/><\/div><\/a>\n\t\t\t\t<div class=\"elementor-post__text\">\n\t\t\t\t<h3 class=\"elementor-post__title\">\n\t\t\t<a href=\"https:\/\/deltatech.hu\/de\/modern-gyarak-ejszakaja-a-delta-tech-kft-nel\/\">\n\t\t\t\tNacht der modernen Fabriken bei DELTA - TECH Ltd.\t\t\t<\/a>\n\t\t<\/h3>\n\t\t\t\t<div class=\"elementor-post__excerpt\">\n\t\t\t<p>Am 10. November 2023 werden unsere Standorte in Balassagyarmat und Gy\u0151r f\u00fcr die \u00d6ffentlichkeit zug\u00e4nglich sein. Wenn Sie daran interessiert sind, zu sehen, wie die<\/p>\n\t\t<\/div>\n\t\t\n\t\t<a class=\"elementor-post__read-more\" href=\"https:\/\/deltatech.hu\/de\/modern-gyarak-ejszakaja-a-delta-tech-kft-nel\/\" aria-label=\"Read more about Modern Gy\u00e1rak \u00c9jszak\u00e1ja a DELTA \u2013 TECH Kft.-n\u00e9l\" tabindex=\"-1\">\n\t\t\tMehr lesen \u00bb\t\t<\/a>\n\n\t\t\t\t<\/div>\n\t\t\t\t\t<\/div>\n\t\t<\/article>\n\t\t\t\t<article class=\"elementor-post elementor-grid-item post-2868 post type-post status-publish format-standard has-post-thumbnail hentry category-blog\" role=\"listitem\">\n\t\t\t<div class=\"elementor-post__card\">\n\t\t\t\t<a class=\"elementor-post__thumbnail__link\" href=\"https:\/\/deltatech.hu\/de\/csillik-zoltan-emlekkupa-es-csaladi-nap\/\" tabindex=\"-1\"><div class=\"elementor-post__thumbnail\"><img loading=\"lazy\" decoding=\"async\" width=\"300\" height=\"225\" src=\"https:\/\/deltatech.hu\/wp-content\/uploads\/2023\/11\/Foci_0916_15-300x225.webp\" class=\"attachment-medium size-medium wp-image-2869\" alt=\"\" srcset=\"https:\/\/deltatech.hu\/wp-content\/uploads\/2023\/11\/Foci_0916_15-300x225.webp 300w, https:\/\/deltatech.hu\/wp-content\/uploads\/2023\/11\/Foci_0916_15-1024x768.webp 1024w, https:\/\/deltatech.hu\/wp-content\/uploads\/2023\/11\/Foci_0916_15-768x576.webp 768w, https:\/\/deltatech.hu\/wp-content\/uploads\/2023\/11\/Foci_0916_15-1536x1152.webp 1536w, https:\/\/deltatech.hu\/wp-content\/uploads\/2023\/11\/Foci_0916_15-16x12.webp 16w, https:\/\/deltatech.hu\/wp-content\/uploads\/2023\/11\/Foci_0916_15.webp 1920w\" sizes=\"(max-width: 300px) 100vw, 300px\" \/><\/div><\/a>\n\t\t\t\t<div class=\"elementor-post__text\">\n\t\t\t\t<h3 class=\"elementor-post__title\">\n\t\t\t<a href=\"https:\/\/deltatech.hu\/de\/csillik-zoltan-emlekkupa-es-csaladi-nap\/\">\n\t\t\t\tZolt\u00e1n Csillik-Ged\u00e4chtnispokal und Familientag\t\t\t<\/a>\n\t\t<\/h3>\n\t\t\t\t<div class=\"elementor-post__excerpt\">\n\t\t\t<p>Am 16. September 2023 wurde der Csillik-Zolt\u00e1n-Fu\u00dfballcup zum 14. Mal auf unserem Gel\u00e4nde in Balassagyarmat ausgetragen. In diesem Jahr nahmen 8 Mannschaften an dem Turnier teil:<\/p>\n\t\t<\/div>\n\t\t\n\t\t<a class=\"elementor-post__read-more\" href=\"https:\/\/deltatech.hu\/de\/csillik-zoltan-emlekkupa-es-csaladi-nap\/\" aria-label=\"Read more about Csillik Zolt\u00e1n Eml\u00e9kkupa \u00e9s Csal\u00e1di nap\" tabindex=\"-1\">\n\t\t\tMehr lesen \u00bb\t\t<\/a>\n\n\t\t\t\t<\/div>\n\t\t\t\t\t<\/div>\n\t\t<\/article>\n\t\t\t\t<\/div>\n\t\t\n\t\t\t\t\t\t<\/div>\n\t\t\t\t<\/div>\n\t\t\t\t\t<\/div>\n\t\t<\/div>\n\t\t\t\t\t<\/div>\n\t\t<\/section>\n\t\t\t\t<\/div>","protected":false},"excerpt":{"rendered":"<p>Kezd\u0151lap C\u00e9ginform\u00e1ci\u00f3 Ismerje meg c\u00e9g\u00fcnk m\u0171k\u00f6d\u00e9s\u00e9t, a szakmai \u00e9s k\u00f6z\u00f6ss\u00e9gi esem\u00e9nyeket, amelyeket szervez\u00fcnk vagy r\u00e9szv\u00e9tel\u00fcnkkel t\u00e1mogatunk.<\/p>","protected":false},"author":1,"featured_media":0,"parent":12,"menu_order":0,"comment_status":"closed","ping_status":"closed","template":"","meta":{"_acf_changed":false,"footnotes":""},"class_list":["post-26","page","type-page","status-publish","hentry"],"acf":[],"_links":{"self":[{"href":"https:\/\/deltatech.hu\/de\/wp-json\/wp\/v2\/pages\/26","targetHints":{"allow":["GET"]}}],"collection":[{"href":"https:\/\/deltatech.hu\/de\/wp-json\/wp\/v2\/pages"}],"about":[{"href":"https:\/\/deltatech.hu\/de\/wp-json\/wp\/v2\/types\/page"}],"author":[{"embeddable":true,"href":"https:\/\/deltatech.hu\/de\/wp-json\/wp\/v2\/users\/1"}],"replies":[{"embeddable":true,"href":"https:\/\/deltatech.hu\/de\/wp-json\/wp\/v2\/comments?post=26"}],"version-history":[{"count":19,"href":"https:\/\/deltatech.hu\/de\/wp-json\/wp\/v2\/pages\/26\/revisions"}],"predecessor-version":[{"id":3991,"href":"https:\/\/deltatech.hu\/de\/wp-json\/wp\/v2\/pages\/26\/revisions\/3991"}],"up":[{"embeddable":true,"href":"https:\/\/deltatech.hu\/de\/wp-json\/wp\/v2\/pages\/12"}],"wp:attachment":[{"href":"https:\/\/deltatech.hu\/de\/wp-json\/wp\/v2\/media?parent=26"}],"curies":[{"name":"wp","href":"https:\/\/api.w.org\/{rel}","templated":true}]}}