{"id":28,"date":"2023-06-16T09:37:18","date_gmt":"2023-06-16T07:37:18","guid":{"rendered":"https:\/\/deltatech.hu\/?page_id=28"},"modified":"2023-11-17T12:33:31","modified_gmt":"2023-11-17T11:33:31","slug":"referenzen","status":"publish","type":"page","link":"https:\/\/deltatech.hu\/de\/ceginformacio\/referenciaink\/","title":{"rendered":"Referenzen"},"content":{"rendered":"<div data-elementor-type=\"wp-page\" data-elementor-id=\"28\" class=\"elementor elementor-28\" data-elementor-post-type=\"page\">\n\t\t\t\t\t\t<section class=\"elementor-section elementor-top-section elementor-element elementor-element-386eb0a elementor-section-boxed elementor-section-height-default elementor-section-height-default\" data-id=\"386eb0a\" data-element_type=\"section\" data-e-type=\"section\" data-settings=\"{&quot;background_background&quot;:&quot;classic&quot;}\">\n\t\t\t\t\t\t<div class=\"elementor-container elementor-column-gap-default\">\n\t\t\t\t\t<div class=\"elementor-column elementor-col-100 elementor-top-column elementor-element elementor-element-9468f47\" data-id=\"9468f47\" data-element_type=\"column\" data-e-type=\"column\">\n\t\t\t<div class=\"elementor-widget-wrap elementor-element-populated\">\n\t\t\t\t\t\t<div class=\"elementor-element elementor-element-90b4ba9 elementor-icon-list--layout-inline elementor-list-item-link-full_width elementor-widget elementor-widget-icon-list\" data-id=\"90b4ba9\" data-element_type=\"widget\" data-e-type=\"widget\" data-widget_type=\"icon-list.default\">\n\t\t\t\t<div class=\"elementor-widget-container\">\n\t\t\t\t\t\t\t<ul class=\"elementor-icon-list-items elementor-inline-items\">\n\t\t\t\t\t\t\t<li class=\"elementor-icon-list-item elementor-inline-item\">\n\t\t\t\t\t\t\t\t\t\t\t<a href=\"https:\/\/deltatech.hu\/de\">\n\n\t\t\t\t\t\t\t\t\t\t\t<span class=\"elementor-icon-list-text\">Home<\/span>\n\t\t\t\t\t\t\t\t\t\t\t<\/a>\n\t\t\t\t\t\t\t\t\t<\/li>\n\t\t\t\t\t\t\t\t<li class=\"elementor-icon-list-item elementor-inline-item\">\n\t\t\t\t\t\t\t\t\t\t\t<span class=\"elementor-icon-list-icon\">\n\t\t\t\t\t\t\t<svg aria-hidden=\"true\" class=\"e-font-icon-svg e-fas-chevron-right\" viewbox=\"0 0 320 512\" xmlns=\"http:\/\/www.w3.org\/2000\/svg\"><path d=\"M285.476 272.971L91.132 467.314c-9.373 9.373-24.569 9.373-33.941 0l-22.667-22.667c-9.357-9.357-9.375-24.522-.04-33.901L188.505 256 34.484 101.255c-9.335-9.379-9.317-24.544.04-33.901l22.667-22.667c9.373-9.373 24.569-9.373 33.941 0L285.475 239.03c9.373 9.372 9.373 24.568.001 33.941z\"><\/path><\/svg>\t\t\t\t\t\t<\/span>\n\t\t\t\t\t\t\t\t\t\t<span class=\"elementor-icon-list-text\">Informationen zum Unternehmen<\/span>\n\t\t\t\t\t\t\t\t\t<\/li>\n\t\t\t\t\t\t\t\t<li class=\"elementor-icon-list-item elementor-inline-item\">\n\t\t\t\t\t\t\t\t\t\t\t<span class=\"elementor-icon-list-icon\">\n\t\t\t\t\t\t\t<svg aria-hidden=\"true\" class=\"e-font-icon-svg e-fas-chevron-right\" viewbox=\"0 0 320 512\" xmlns=\"http:\/\/www.w3.org\/2000\/svg\"><path d=\"M285.476 272.971L91.132 467.314c-9.373 9.373-24.569 9.373-33.941 0l-22.667-22.667c-9.357-9.357-9.375-24.522-.04-33.901L188.505 256 34.484 101.255c-9.335-9.379-9.317-24.544.04-33.901l22.667-22.667c9.373-9.373 24.569-9.373 33.941 0L285.475 239.03c9.373 9.372 9.373 24.568.001 33.941z\"><\/path><\/svg>\t\t\t\t\t\t<\/span>\n\t\t\t\t\t\t\t\t\t\t<span class=\"elementor-icon-list-text\">Referenzen<\/span>\n\t\t\t\t\t\t\t\t\t<\/li>\n\t\t\t\t\t\t<\/ul>\n\t\t\t\t\t\t<\/div>\n\t\t\t\t<\/div>\n\t\t\t\t\t<\/div>\n\t\t<\/div>\n\t\t\t\t\t<\/div>\n\t\t<\/section>\n\t\t\t\t<section class=\"elementor-section elementor-top-section elementor-element elementor-element-4542db04 elementor-section-boxed elementor-section-height-default elementor-section-height-default\" data-id=\"4542db04\" data-element_type=\"section\" data-e-type=\"section\" data-settings=\"{&quot;background_background&quot;:&quot;classic&quot;}\">\n\t\t\t\t\t\t<div class=\"elementor-container elementor-column-gap-wide\">\n\t\t\t\t\t<div class=\"elementor-column elementor-col-100 elementor-top-column elementor-element elementor-element-5d3c41a9\" data-id=\"5d3c41a9\" data-element_type=\"column\" data-e-type=\"column\">\n\t\t\t<div class=\"elementor-widget-wrap elementor-element-populated\">\n\t\t\t\t\t\t<div class=\"elementor-element elementor-element-178e4363 elementor-widget elementor-widget-heading\" data-id=\"178e4363\" data-element_type=\"widget\" data-e-type=\"widget\" data-widget_type=\"heading.default\">\n\t\t\t\t<div class=\"elementor-widget-container\">\n\t\t\t\t\t<h1 class=\"elementor-heading-title elementor-size-default\">Referenzen<\/h1>\t\t\t\t<\/div>\n\t\t\t\t<\/div>\n\t\t\t\t<div class=\"elementor-element elementor-element-50503ef8 elementor-widget elementor-widget-text-editor\" data-id=\"50503ef8\" data-element_type=\"widget\" data-e-type=\"widget\" data-widget_type=\"text-editor.default\">\n\t\t\t\t<div class=\"elementor-widget-container\">\n\t\t\t\t\t\t\t\t\t<p><span style=\"font-weight: 400;\">Die Zufriedenheit, der Erfolg und die langfristige Wettbewerbsf\u00e4higkeit unserer Partner sind f\u00fcr uns wichtiger als alles andere.<\/span><\/p>\t\t\t\t\t\t\t\t<\/div>\n\t\t\t\t<\/div>\n\t\t\t\t\t<\/div>\n\t\t<\/div>\n\t\t\t\t\t<\/div>\n\t\t<\/section>\n\t\t\t\t<section class=\"elementor-section elementor-top-section elementor-element elementor-element-3d82d94f elementor-reverse-tablet elementor-reverse-mobile elementor-section-boxed elementor-section-height-default elementor-section-height-default\" data-id=\"3d82d94f\" data-element_type=\"section\" data-e-type=\"section\">\n\t\t\t\t\t\t<div class=\"elementor-container elementor-column-gap-wide\">\n\t\t\t\t\t<div class=\"elementor-column elementor-col-50 elementor-top-column elementor-element elementor-element-6bee9e52\" data-id=\"6bee9e52\" data-element_type=\"column\" data-e-type=\"column\">\n\t\t\t<div class=\"elementor-widget-wrap elementor-element-populated\">\n\t\t\t\t\t\t<div class=\"elementor-element elementor-element-079ce78 elementor-widget elementor-widget-image\" data-id=\"079ce78\" data-element_type=\"widget\" data-e-type=\"widget\" data-widget_type=\"image.default\">\n\t\t\t\t<div class=\"elementor-widget-container\">\n\t\t\t\t\t\t\t\t\t\t\t\t\t\t\t<img fetchpriority=\"high\" decoding=\"async\" width=\"1057\" height=\"748\" src=\"https:\/\/deltatech.hu\/wp-content\/uploads\/2023\/07\/Kep1.jpg\" class=\"attachment-full size-full wp-image-1127\" alt=\"\" srcset=\"https:\/\/deltatech.hu\/wp-content\/uploads\/2023\/07\/Kep1.jpg 1057w, https:\/\/deltatech.hu\/wp-content\/uploads\/2023\/07\/Kep1-300x212.jpg 300w, https:\/\/deltatech.hu\/wp-content\/uploads\/2023\/07\/Kep1-1024x725.jpg 1024w, https:\/\/deltatech.hu\/wp-content\/uploads\/2023\/07\/Kep1-768x543.jpg 768w, https:\/\/deltatech.hu\/wp-content\/uploads\/2023\/07\/Kep1-18x12.jpg 18w\" sizes=\"(max-width: 1057px) 100vw, 1057px\" \/>\t\t\t\t\t\t\t\t\t\t\t\t\t\t\t<\/div>\n\t\t\t\t<\/div>\n\t\t\t\t<div class=\"elementor-element elementor-element-21640bf elementor-widget elementor-widget-heading\" data-id=\"21640bf\" data-element_type=\"widget\" data-e-type=\"widget\" data-widget_type=\"heading.default\">\n\t\t\t\t<div class=\"elementor-widget-container\">\n\t\t\t\t\t<h1 class=\"elementor-heading-title elementor-size-default\">Unsere wichtigsten Partner<\/h1>\t\t\t\t<\/div>\n\t\t\t\t<\/div>\n\t\t\t\t\t<\/div>\n\t\t<\/div>\n\t\t\t\t<div class=\"elementor-column elementor-col-50 elementor-top-column elementor-element elementor-element-b621eba\" data-id=\"b621eba\" data-element_type=\"column\" data-e-type=\"column\">\n\t\t\t<div class=\"elementor-widget-wrap elementor-element-populated\">\n\t\t\t\t\t\t<div class=\"elementor-element elementor-element-7af0556 elementor-widget elementor-widget-heading\" data-id=\"7af0556\" data-element_type=\"widget\" data-e-type=\"widget\" data-widget_type=\"heading.default\">\n\t\t\t\t<div class=\"elementor-widget-container\">\n\t\t\t\t\t<h2 class=\"elementor-heading-title elementor-size-default\">Wir haben mehr als 1000 Projekte in 12 L\u00e4ndern weltweit in den folgenden Branchen erfolgreich abgeschlossen:\n<\/h2>\t\t\t\t<\/div>\n\t\t\t\t<\/div>\n\t\t\t\t<div class=\"elementor-element elementor-element-de111b6 elementor-widget elementor-widget-text-editor\" data-id=\"de111b6\" data-element_type=\"widget\" data-e-type=\"widget\" data-widget_type=\"text-editor.default\">\n\t\t\t\t<div class=\"elementor-widget-container\">\n\t\t\t\t\t\t\t\t\t<ul><li style=\"font-weight: 400;\">Automobilbranche<\/li><li style=\"font-weight: 400;\">Elektronikindustrie<\/li><li style=\"font-weight: 400;\">Chemische Industrie<\/li><li style=\"font-weight: 400;\">Metallindustrie<\/li><li style=\"font-weight: 400;\">Gesundheitsindustrie<\/li><li style=\"font-weight: 400;\">Kernenergie<\/li><\/ul>\t\t\t\t\t\t\t\t<\/div>\n\t\t\t\t<\/div>\n\t\t\t\t\t<\/div>\n\t\t<\/div>\n\t\t\t\t\t<\/div>\n\t\t<\/section>\n\t\t\t\t<section class=\"elementor-section elementor-top-section elementor-element elementor-element-38fccb6b elementor-section-boxed elementor-section-height-default elementor-section-height-default\" data-id=\"38fccb6b\" data-element_type=\"section\" data-e-type=\"section\">\n\t\t\t\t\t\t<div class=\"elementor-container elementor-column-gap-wide\">\n\t\t\t\t\t<div class=\"elementor-column elementor-col-25 elementor-top-column elementor-element elementor-element-579c3010\" data-id=\"579c3010\" data-element_type=\"column\" data-e-type=\"column\">\n\t\t\t<div class=\"elementor-widget-wrap elementor-element-populated\">\n\t\t\t\t\t\t<div class=\"elementor-element elementor-element-b2d1b37 elementor-widget elementor-widget-image\" data-id=\"b2d1b37\" data-element_type=\"widget\" data-e-type=\"widget\" data-widget_type=\"image.default\">\n\t\t\t\t<div class=\"elementor-widget-container\">\n\t\t\t\t\t\t\t\t\t\t\t\t\t\t\t<img decoding=\"async\" width=\"293\" height=\"172\" src=\"https:\/\/deltatech.hu\/wp-content\/uploads\/2023\/07\/AUDI.jpg\" class=\"attachment-large size-large wp-image-1145\" alt=\"\" srcset=\"https:\/\/deltatech.hu\/wp-content\/uploads\/2023\/07\/AUDI.jpg 293w, https:\/\/deltatech.hu\/wp-content\/uploads\/2023\/07\/AUDI-18x12.jpg 18w\" sizes=\"(max-width: 293px) 100vw, 293px\" \/>\t\t\t\t\t\t\t\t\t\t\t\t\t\t\t<\/div>\n\t\t\t\t<\/div>\n\t\t\t\t\t<\/div>\n\t\t<\/div>\n\t\t\t\t<div class=\"elementor-column elementor-col-25 elementor-top-column elementor-element elementor-element-30d5f1b\" data-id=\"30d5f1b\" data-element_type=\"column\" data-e-type=\"column\">\n\t\t\t<div class=\"elementor-widget-wrap elementor-element-populated\">\n\t\t\t\t\t\t<div class=\"elementor-element elementor-element-5fe994d elementor-widget elementor-widget-image\" data-id=\"5fe994d\" data-element_type=\"widget\" data-e-type=\"widget\" data-widget_type=\"image.default\">\n\t\t\t\t<div class=\"elementor-widget-container\">\n\t\t\t\t\t\t\t\t\t\t\t\t\t\t\t<img decoding=\"async\" width=\"500\" height=\"69\" src=\"https:\/\/deltatech.hu\/wp-content\/uploads\/2023\/11\/FCC_LOGO.webp\" class=\"attachment-large size-large wp-image-2745\" alt=\"\" srcset=\"https:\/\/deltatech.hu\/wp-content\/uploads\/2023\/11\/FCC_LOGO.webp 500w, https:\/\/deltatech.hu\/wp-content\/uploads\/2023\/11\/FCC_LOGO-300x41.webp 300w, https:\/\/deltatech.hu\/wp-content\/uploads\/2023\/11\/FCC_LOGO-18x2.webp 18w\" sizes=\"(max-width: 500px) 100vw, 500px\" \/>\t\t\t\t\t\t\t\t\t\t\t\t\t\t\t<\/div>\n\t\t\t\t<\/div>\n\t\t\t\t\t<\/div>\n\t\t<\/div>\n\t\t\t\t<div class=\"elementor-column elementor-col-25 elementor-top-column elementor-element elementor-element-383398d\" data-id=\"383398d\" data-element_type=\"column\" data-e-type=\"column\">\n\t\t\t<div class=\"elementor-widget-wrap elementor-element-populated\">\n\t\t\t\t\t\t<div class=\"elementor-element elementor-element-0eeb150 elementor-widget elementor-widget-image\" data-id=\"0eeb150\" data-element_type=\"widget\" data-e-type=\"widget\" data-widget_type=\"image.default\">\n\t\t\t\t<div class=\"elementor-widget-container\">\n\t\t\t\t\t\t\t\t\t\t\t\t\t\t\t<img loading=\"lazy\" decoding=\"async\" width=\"410\" height=\"110\" src=\"https:\/\/deltatech.hu\/wp-content\/uploads\/2023\/07\/Hanon_logo.jpg\" class=\"attachment-large size-large wp-image-1136\" alt=\"\" srcset=\"https:\/\/deltatech.hu\/wp-content\/uploads\/2023\/07\/Hanon_logo.jpg 410w, https:\/\/deltatech.hu\/wp-content\/uploads\/2023\/07\/Hanon_logo-300x80.jpg 300w, https:\/\/deltatech.hu\/wp-content\/uploads\/2023\/07\/Hanon_logo-18x5.jpg 18w\" sizes=\"(max-width: 410px) 100vw, 410px\" \/>\t\t\t\t\t\t\t\t\t\t\t\t\t\t\t<\/div>\n\t\t\t\t<\/div>\n\t\t\t\t\t<\/div>\n\t\t<\/div>\n\t\t\t\t<div class=\"elementor-column elementor-col-25 elementor-top-column elementor-element elementor-element-e996c48\" data-id=\"e996c48\" data-element_type=\"column\" data-e-type=\"column\">\n\t\t\t<div class=\"elementor-widget-wrap elementor-element-populated\">\n\t\t\t\t\t\t<div class=\"elementor-element elementor-element-06566c9 elementor-widget elementor-widget-image\" data-id=\"06566c9\" data-element_type=\"widget\" data-e-type=\"widget\" data-widget_type=\"image.default\">\n\t\t\t\t<div class=\"elementor-widget-container\">\n\t\t\t\t\t\t\t\t\t\t\t\t\t\t\t<img loading=\"lazy\" decoding=\"async\" width=\"461\" height=\"256\" src=\"https:\/\/deltatech.hu\/wp-content\/uploads\/2023\/11\/jabil-logo-pr-hometile.png\" class=\"attachment-large size-large wp-image-2524\" alt=\"\" srcset=\"https:\/\/deltatech.hu\/wp-content\/uploads\/2023\/11\/jabil-logo-pr-hometile.png 461w, https:\/\/deltatech.hu\/wp-content\/uploads\/2023\/11\/jabil-logo-pr-hometile-300x167.png 300w, https:\/\/deltatech.hu\/wp-content\/uploads\/2023\/11\/jabil-logo-pr-hometile-18x10.png 18w\" sizes=\"(max-width: 461px) 100vw, 461px\" \/>\t\t\t\t\t\t\t\t\t\t\t\t\t\t\t<\/div>\n\t\t\t\t<\/div>\n\t\t\t\t\t<\/div>\n\t\t<\/div>\n\t\t\t\t\t<\/div>\n\t\t<\/section>\n\t\t\t\t<section class=\"elementor-section elementor-top-section elementor-element elementor-element-fbe7368 elementor-section-boxed elementor-section-height-default elementor-section-height-default\" data-id=\"fbe7368\" data-element_type=\"section\" data-e-type=\"section\">\n\t\t\t\t\t\t<div class=\"elementor-container elementor-column-gap-wide\">\n\t\t\t\t\t<div class=\"elementor-column elementor-col-25 elementor-top-column elementor-element elementor-element-80de8a6\" data-id=\"80de8a6\" data-element_type=\"column\" data-e-type=\"column\">\n\t\t\t<div class=\"elementor-widget-wrap elementor-element-populated\">\n\t\t\t\t\t\t<div class=\"elementor-element elementor-element-2d779d7 elementor-widget elementor-widget-image\" data-id=\"2d779d7\" data-element_type=\"widget\" data-e-type=\"widget\" data-widget_type=\"image.default\">\n\t\t\t\t<div class=\"elementor-widget-container\">\n\t\t\t\t\t\t\t\t\t\t\t\t\t\t\t<img loading=\"lazy\" decoding=\"async\" width=\"500\" height=\"152\" src=\"https:\/\/deltatech.hu\/wp-content\/uploads\/2023\/07\/JE-Logo.jpg\" class=\"attachment-large size-large wp-image-1138\" alt=\"\" srcset=\"https:\/\/deltatech.hu\/wp-content\/uploads\/2023\/07\/JE-Logo.jpg 500w, https:\/\/deltatech.hu\/wp-content\/uploads\/2023\/07\/JE-Logo-300x91.jpg 300w, https:\/\/deltatech.hu\/wp-content\/uploads\/2023\/07\/JE-Logo-18x5.jpg 18w\" sizes=\"(max-width: 500px) 100vw, 500px\" \/>\t\t\t\t\t\t\t\t\t\t\t\t\t\t\t<\/div>\n\t\t\t\t<\/div>\n\t\t\t\t\t<\/div>\n\t\t<\/div>\n\t\t\t\t<div class=\"elementor-column elementor-col-25 elementor-top-column elementor-element elementor-element-e038b85\" data-id=\"e038b85\" data-element_type=\"column\" data-e-type=\"column\">\n\t\t\t<div class=\"elementor-widget-wrap elementor-element-populated\">\n\t\t\t\t\t\t<div class=\"elementor-element elementor-element-38f90a9 elementor-widget elementor-widget-image\" data-id=\"38f90a9\" data-element_type=\"widget\" data-e-type=\"widget\" data-widget_type=\"image.default\">\n\t\t\t\t<div class=\"elementor-widget-container\">\n\t\t\t\t\t\t\t\t\t\t\t\t\t\t\t<img loading=\"lazy\" decoding=\"async\" width=\"800\" height=\"627\" src=\"https:\/\/deltatech.hu\/wp-content\/uploads\/2023\/07\/00000000_Default-1024x802.png\" class=\"attachment-large size-large wp-image-1178\" alt=\"\" srcset=\"https:\/\/deltatech.hu\/wp-content\/uploads\/2023\/07\/00000000_Default-1024x802.png 1024w, https:\/\/deltatech.hu\/wp-content\/uploads\/2023\/07\/00000000_Default-300x235.png 300w, https:\/\/deltatech.hu\/wp-content\/uploads\/2023\/07\/00000000_Default-768x601.png 768w, https:\/\/deltatech.hu\/wp-content\/uploads\/2023\/07\/00000000_Default-1536x1203.png 1536w, https:\/\/deltatech.hu\/wp-content\/uploads\/2023\/07\/00000000_Default-15x12.png 15w, https:\/\/deltatech.hu\/wp-content\/uploads\/2023\/07\/00000000_Default.png 1945w\" sizes=\"(max-width: 800px) 100vw, 800px\" \/>\t\t\t\t\t\t\t\t\t\t\t\t\t\t\t<\/div>\n\t\t\t\t<\/div>\n\t\t\t\t\t<\/div>\n\t\t<\/div>\n\t\t\t\t<div class=\"elementor-column elementor-col-25 elementor-top-column elementor-element elementor-element-027234f\" data-id=\"027234f\" data-element_type=\"column\" data-e-type=\"column\">\n\t\t\t<div class=\"elementor-widget-wrap elementor-element-populated\">\n\t\t\t\t\t\t<div class=\"elementor-element elementor-element-7af45b4 elementor-widget elementor-widget-image\" data-id=\"7af45b4\" data-element_type=\"widget\" data-e-type=\"widget\" data-widget_type=\"image.default\">\n\t\t\t\t<div class=\"elementor-widget-container\">\n\t\t\t\t\t\t\t\t\t\t\t\t\t\t\t<img loading=\"lazy\" decoding=\"async\" width=\"425\" height=\"94\" src=\"https:\/\/deltatech.hu\/wp-content\/uploads\/2023\/07\/BOSCH.gif\" class=\"attachment-large size-large wp-image-1135\" alt=\"\" \/>\t\t\t\t\t\t\t\t\t\t\t\t\t\t\t<\/div>\n\t\t\t\t<\/div>\n\t\t\t\t\t<\/div>\n\t\t<\/div>\n\t\t\t\t<div class=\"elementor-column elementor-col-25 elementor-top-column elementor-element elementor-element-fd91830\" data-id=\"fd91830\" data-element_type=\"column\" data-e-type=\"column\">\n\t\t\t<div class=\"elementor-widget-wrap elementor-element-populated\">\n\t\t\t\t\t\t<div class=\"elementor-element elementor-element-070e664 elementor-widget elementor-widget-image\" data-id=\"070e664\" data-element_type=\"widget\" data-e-type=\"widget\" data-widget_type=\"image.default\">\n\t\t\t\t<div class=\"elementor-widget-container\">\n\t\t\t\t\t\t\t\t\t\t\t\t\t\t\t<img loading=\"lazy\" decoding=\"async\" width=\"118\" height=\"114\" src=\"https:\/\/deltatech.hu\/wp-content\/uploads\/2023\/07\/SUZUKI.gif\" class=\"attachment-large size-large wp-image-1141\" alt=\"\" srcset=\"https:\/\/deltatech.hu\/wp-content\/uploads\/2023\/07\/SUZUKI.gif 118w, https:\/\/deltatech.hu\/wp-content\/uploads\/2023\/07\/SUZUKI-12x12.gif 12w\" sizes=\"(max-width: 118px) 100vw, 118px\" \/>\t\t\t\t\t\t\t\t\t\t\t\t\t\t\t<\/div>\n\t\t\t\t<\/div>\n\t\t\t\t\t<\/div>\n\t\t<\/div>\n\t\t\t\t\t<\/div>\n\t\t<\/section>\n\t\t\t\t<section class=\"elementor-section elementor-top-section elementor-element elementor-element-df4db0e elementor-section-boxed elementor-section-height-default elementor-section-height-default\" data-id=\"df4db0e\" data-element_type=\"section\" data-e-type=\"section\">\n\t\t\t\t\t\t<div class=\"elementor-container elementor-column-gap-wide\">\n\t\t\t\t\t<div class=\"elementor-column elementor-col-25 elementor-top-column elementor-element elementor-element-c0e0f88\" data-id=\"c0e0f88\" data-element_type=\"column\" data-e-type=\"column\">\n\t\t\t<div class=\"elementor-widget-wrap elementor-element-populated\">\n\t\t\t\t\t\t<div class=\"elementor-element elementor-element-7c88d66 elementor-widget elementor-widget-image\" data-id=\"7c88d66\" data-element_type=\"widget\" data-e-type=\"widget\" data-widget_type=\"image.default\">\n\t\t\t\t<div class=\"elementor-widget-container\">\n\t\t\t\t\t\t\t\t\t\t\t\t\t\t\t<img loading=\"lazy\" decoding=\"async\" width=\"602\" height=\"312\" src=\"https:\/\/deltatech.hu\/wp-content\/uploads\/2023\/07\/VALEO.jpg\" class=\"attachment-large size-large wp-image-1142\" alt=\"\" srcset=\"https:\/\/deltatech.hu\/wp-content\/uploads\/2023\/07\/VALEO.jpg 602w, https:\/\/deltatech.hu\/wp-content\/uploads\/2023\/07\/VALEO-300x155.jpg 300w, https:\/\/deltatech.hu\/wp-content\/uploads\/2023\/07\/VALEO-18x9.jpg 18w\" sizes=\"(max-width: 602px) 100vw, 602px\" \/>\t\t\t\t\t\t\t\t\t\t\t\t\t\t\t<\/div>\n\t\t\t\t<\/div>\n\t\t\t\t\t<\/div>\n\t\t<\/div>\n\t\t\t\t<div class=\"elementor-column elementor-col-25 elementor-top-column elementor-element elementor-element-566e4ad\" data-id=\"566e4ad\" data-element_type=\"column\" data-e-type=\"column\">\n\t\t\t<div class=\"elementor-widget-wrap elementor-element-populated\">\n\t\t\t\t\t\t<div class=\"elementor-element elementor-element-6f1745a elementor-widget elementor-widget-image\" data-id=\"6f1745a\" data-element_type=\"widget\" data-e-type=\"widget\" data-widget_type=\"image.default\">\n\t\t\t\t<div class=\"elementor-widget-container\">\n\t\t\t\t\t\t\t\t\t\t\t\t\t\t\t<img loading=\"lazy\" decoding=\"async\" width=\"120\" height=\"120\" src=\"https:\/\/deltatech.hu\/wp-content\/uploads\/2023\/07\/ZF.jpg\" class=\"attachment-large size-large wp-image-1143\" alt=\"\" srcset=\"https:\/\/deltatech.hu\/wp-content\/uploads\/2023\/07\/ZF.jpg 120w, https:\/\/deltatech.hu\/wp-content\/uploads\/2023\/07\/ZF-12x12.jpg 12w\" sizes=\"(max-width: 120px) 100vw, 120px\" \/>\t\t\t\t\t\t\t\t\t\t\t\t\t\t\t<\/div>\n\t\t\t\t<\/div>\n\t\t\t\t\t<\/div>\n\t\t<\/div>\n\t\t\t\t<div class=\"elementor-column elementor-col-25 elementor-top-column elementor-element elementor-element-187948c\" data-id=\"187948c\" data-element_type=\"column\" data-e-type=\"column\">\n\t\t\t<div class=\"elementor-widget-wrap elementor-element-populated\">\n\t\t\t\t\t\t<div class=\"elementor-element elementor-element-e8f17b4 elementor-widget elementor-widget-image\" data-id=\"e8f17b4\" data-element_type=\"widget\" data-e-type=\"widget\" data-widget_type=\"image.default\">\n\t\t\t\t<div class=\"elementor-widget-container\">\n\t\t\t\t\t\t\t\t\t\t\t\t\t\t\t<img loading=\"lazy\" decoding=\"async\" width=\"200\" height=\"49\" src=\"https:\/\/deltatech.hu\/wp-content\/uploads\/2023\/07\/Zoltek.gif\" class=\"attachment-large size-large wp-image-1144\" alt=\"\" \/>\t\t\t\t\t\t\t\t\t\t\t\t\t\t\t<\/div>\n\t\t\t\t<\/div>\n\t\t\t\t\t<\/div>\n\t\t<\/div>\n\t\t\t\t<div class=\"elementor-column elementor-col-25 elementor-top-column elementor-element elementor-element-8b0dd78\" data-id=\"8b0dd78\" data-element_type=\"column\" data-e-type=\"column\">\n\t\t\t<div class=\"elementor-widget-wrap\">\n\t\t\t\t\t\t\t<\/div>\n\t\t<\/div>\n\t\t\t\t\t<\/div>\n\t\t<\/section>\n\t\t\t\t<\/div>","protected":false},"excerpt":{"rendered":"<p>Kezd\u0151lap C\u00e9ginform\u00e1ci\u00f3 Partnereink el\u00e9gedetts\u00e9ge, sikerei \u00e9s hossz\u00fat\u00e1v\u00fa versenyk\u00e9pess\u00e9ge mindenn\u00e9l fontosabb sz\u00e1munkra. Legfontosabb partnereink Vil\u00e1gszerte 12 orsz\u00e1gban t\u00f6bb mint 1000 projektet teljes\u00edtett\u00fcnk sikeresen a k\u00f6vetkez\u0151 ipar\u00e1gakban: aut\u00f3ipar elektronikai ipar vegyipar f\u00e9mipar eg\u00e9szs\u00e9gipar nukle\u00e1ris energetika<\/p>","protected":false},"author":1,"featured_media":0,"parent":12,"menu_order":0,"comment_status":"closed","ping_status":"closed","template":"","meta":{"_acf_changed":false,"footnotes":""},"class_list":["post-28","page","type-page","status-publish","hentry"],"acf":[],"_links":{"self":[{"href":"https:\/\/deltatech.hu\/de\/wp-json\/wp\/v2\/pages\/28","targetHints":{"allow":["GET"]}}],"collection":[{"href":"https:\/\/deltatech.hu\/de\/wp-json\/wp\/v2\/pages"}],"about":[{"href":"https:\/\/deltatech.hu\/de\/wp-json\/wp\/v2\/types\/page"}],"author":[{"embeddable":true,"href":"https:\/\/deltatech.hu\/de\/wp-json\/wp\/v2\/users\/1"}],"replies":[{"embeddable":true,"href":"https:\/\/deltatech.hu\/de\/wp-json\/wp\/v2\/comments?post=28"}],"version-history":[{"count":117,"href":"https:\/\/deltatech.hu\/de\/wp-json\/wp\/v2\/pages\/28\/revisions"}],"predecessor-version":[{"id":3284,"href":"https:\/\/deltatech.hu\/de\/wp-json\/wp\/v2\/pages\/28\/revisions\/3284"}],"up":[{"embeddable":true,"href":"https:\/\/deltatech.hu\/de\/wp-json\/wp\/v2\/pages\/12"}],"wp:attachment":[{"href":"https:\/\/deltatech.hu\/de\/wp-json\/wp\/v2\/media?parent=28"}],"curies":[{"name":"wp","href":"https:\/\/api.w.org\/{rel}","templated":true}]}}