{"id":3412,"date":"2023-11-17T13:56:03","date_gmt":"2023-11-17T12:56:03","guid":{"rendered":"https:\/\/deltatech.hu\/?page_id=3412"},"modified":"2025-01-21T09:17:03","modified_gmt":"2025-01-21T08:17:03","slug":"cookie-politik","status":"publish","type":"page","link":"https:\/\/deltatech.hu\/de\/cookie-tajekoztato\/","title":{"rendered":"Cookie-Politik"},"content":{"rendered":"<div data-elementor-type=\"wp-page\" data-elementor-id=\"3412\" class=\"elementor elementor-3412\" data-elementor-post-type=\"page\">\n\t\t\t\t\t\t<section class=\"elementor-section elementor-top-section elementor-element elementor-element-7fac82e elementor-section-boxed elementor-section-height-default elementor-section-height-default\" data-id=\"7fac82e\" data-element_type=\"section\" data-e-type=\"section\" data-settings=\"{&quot;background_background&quot;:&quot;classic&quot;}\">\n\t\t\t\t\t\t<div class=\"elementor-container elementor-column-gap-default\">\n\t\t\t\t\t<div class=\"elementor-column elementor-col-100 elementor-top-column elementor-element elementor-element-678ba7a\" data-id=\"678ba7a\" data-element_type=\"column\" data-e-type=\"column\">\n\t\t\t<div class=\"elementor-widget-wrap elementor-element-populated\">\n\t\t\t\t\t\t<div class=\"elementor-element elementor-element-a03c6b7 elementor-icon-list--layout-inline elementor-list-item-link-full_width elementor-widget elementor-widget-icon-list\" data-id=\"a03c6b7\" data-element_type=\"widget\" data-e-type=\"widget\" data-widget_type=\"icon-list.default\">\n\t\t\t\t<div class=\"elementor-widget-container\">\n\t\t\t\t\t\t\t<ul class=\"elementor-icon-list-items elementor-inline-items\">\n\t\t\t\t\t\t\t<li class=\"elementor-icon-list-item elementor-inline-item\">\n\t\t\t\t\t\t\t\t\t\t\t<a href=\"https:\/\/deltatech.hu\/de\">\n\n\t\t\t\t\t\t\t\t\t\t\t<span class=\"elementor-icon-list-text\">Home<\/span>\n\t\t\t\t\t\t\t\t\t\t\t<\/a>\n\t\t\t\t\t\t\t\t\t<\/li>\n\t\t\t\t\t\t\t\t<li class=\"elementor-icon-list-item elementor-inline-item\">\n\t\t\t\t\t\t\t\t\t\t\t<span class=\"elementor-icon-list-icon\">\n\t\t\t\t\t\t\t<svg aria-hidden=\"true\" class=\"e-font-icon-svg e-fas-chevron-right\" viewbox=\"0 0 320 512\" xmlns=\"http:\/\/www.w3.org\/2000\/svg\"><path d=\"M285.476 272.971L91.132 467.314c-9.373 9.373-24.569 9.373-33.941 0l-22.667-22.667c-9.357-9.357-9.375-24.522-.04-33.901L188.505 256 34.484 101.255c-9.335-9.379-9.317-24.544.04-33.901l22.667-22.667c9.373-9.373 24.569-9.373 33.941 0L285.475 239.03c9.373 9.372 9.373 24.568.001 33.941z\"><\/path><\/svg>\t\t\t\t\t\t<\/span>\n\t\t\t\t\t\t\t\t\t\t<span class=\"elementor-icon-list-text\">Cookie-Politik<\/span>\n\t\t\t\t\t\t\t\t\t<\/li>\n\t\t\t\t\t\t<\/ul>\n\t\t\t\t\t\t<\/div>\n\t\t\t\t<\/div>\n\t\t\t\t\t<\/div>\n\t\t<\/div>\n\t\t\t\t\t<\/div>\n\t\t<\/section>\n\t\t\t\t<section class=\"elementor-section elementor-top-section elementor-element elementor-element-62c5afb elementor-section-boxed elementor-section-height-default elementor-section-height-default\" data-id=\"62c5afb\" data-element_type=\"section\" data-e-type=\"section\" data-settings=\"{&quot;background_background&quot;:&quot;classic&quot;}\">\n\t\t\t\t\t\t<div class=\"elementor-container elementor-column-gap-wide\">\n\t\t\t\t\t<div class=\"elementor-column elementor-col-100 elementor-top-column elementor-element elementor-element-6458b2a\" data-id=\"6458b2a\" data-element_type=\"column\" data-e-type=\"column\">\n\t\t\t<div class=\"elementor-widget-wrap elementor-element-populated\">\n\t\t\t\t\t\t<div class=\"elementor-element elementor-element-3fc0d07 elementor-widget elementor-widget-heading\" data-id=\"3fc0d07\" data-element_type=\"widget\" data-e-type=\"widget\" data-widget_type=\"heading.default\">\n\t\t\t\t<div class=\"elementor-widget-container\">\n\t\t\t\t\t<h1 class=\"elementor-heading-title elementor-size-default\">Cookie-Politik<\/h1>\t\t\t\t<\/div>\n\t\t\t\t<\/div>\n\t\t\t\t\t<\/div>\n\t\t<\/div>\n\t\t\t\t\t<\/div>\n\t\t<\/section>\n\t\t\t\t<section class=\"elementor-section elementor-top-section elementor-element elementor-element-7a4a734 elementor-section-boxed elementor-section-height-default elementor-section-height-default\" data-id=\"7a4a734\" data-element_type=\"section\" data-e-type=\"section\">\n\t\t\t\t\t\t<div class=\"elementor-container elementor-column-gap-default\">\n\t\t\t\t\t<div class=\"elementor-column elementor-col-100 elementor-top-column elementor-element elementor-element-01f8042\" data-id=\"01f8042\" data-element_type=\"column\" data-e-type=\"column\">\n\t\t\t<div class=\"elementor-widget-wrap elementor-element-populated\">\n\t\t\t\t\t\t<div class=\"elementor-element elementor-element-753f53c elementor-widget elementor-widget-html\" data-id=\"753f53c\" data-element_type=\"widget\" data-e-type=\"widget\" data-widget_type=\"html.default\">\n\t\t\t\t<div class=\"elementor-widget-container\">\n\t\t\t\t\t<style>\r\n    a.cky-banner-element {\r\n        padding: 8px 30px;\r\n        background: #F8F9FA;\r\n        color: #858A8F;\r\n        border: 1px solid #DEE2E6;\r\n        box-sizing: border-box;\r\n        border-radius: 2px;\r\n        cursor: pointer;\r\n}\r\n<\/style>\r\n<h5>Was sind Cookies?<\/h5>\r\n<div class=\"cookie-policy-p\"><p>In dieser Cookie-Richtlinie wird erkl\u00e4rt, was Cookies sind und wie wir sie verwenden, welche Arten von Cookies wir verwenden, d. h. welche Informationen wir durch Cookies sammeln und wie wir diese Informationen verwenden, und wie Sie Ihre Cookie-Einstellungen verwalten k\u00f6nnen.<\/p> <p>Cookies sind kleine Textdateien, die dazu dienen, kleine Informationen zu speichern. Sie werden auf Ihrem Ger\u00e4t gespeichert, wenn die Website in Ihrem Browser geladen wird. Diese Cookies helfen uns, die Website ordnungsgem\u00e4\u00df zu betreiben, sie sicherer zu machen, die Benutzerfreundlichkeit zu verbessern, die Leistung der Website zu verstehen und zu analysieren, was funktioniert und wo Verbesserungen erforderlich sind.<\/p><\/div>\r\n\r\n&nbsp;\r\n<h5>Wie verwenden wir Cookies?<\/h5>\r\n<div class=\"cookie-policy-p\"><p>Wie die meisten Online-Dienste verwendet auch unsere Website Cookies von Erstanbietern und Drittanbietern f\u00fcr verschiedene Zwecke. Cookies von Erstanbietern sind in der Regel f\u00fcr das ordnungsgem\u00e4\u00dfe Funktionieren der Website erforderlich und erfassen keine pers\u00f6nlich identifizierbaren Informationen.<\/p> <p>Die Cookies von Drittanbietern, die wir auf unserer Website verwenden, werden in erster Linie eingesetzt, um zu verstehen, wie die Website funktioniert, wie Sie mit unserer Website interagieren, wie wir unsere Dienste sicher halten, um Ihnen relevante Werbung zu liefern und um Ihnen insgesamt eine bessere und verbesserte Benutzererfahrung zu bieten und Ihre zuk\u00fcnftigen Interaktionen mit unserer Website zu beschleunigen.<\/p><\/div>\r\n\r\n&nbsp;\r\n    <h5>Arten von Cookies, die wir verwenden<\/h5>\r\n\r\n    \t\t\t\t<\/div>\n\t\t\t\t<\/div>\n\t\t\t\t<div class=\"elementor-element elementor-element-e12a242 elementor-widget elementor-widget-shortcode\" data-id=\"e12a242\" data-element_type=\"widget\" data-e-type=\"widget\" data-widget_type=\"shortcode.default\">\n\t\t\t\t<div class=\"elementor-widget-container\">\n\t\t\t\t\t\t\t<div class=\"elementor-shortcode\">                  <div class=\"mhcookie-shortcode-wrapper mhcookie-shortcode-cookies-wrapper\" data-group=\"essential\">\n            <div class=\"mhcookie-shortcode-group\">\n                  <label class=\"mhcookie-shortcode-group-label\">Essenzielle<\/label>\n                  <div class=\"mhcookie-shortcode-group-description\">Essenzielle Cookies und Dienste erm\u00f6glichen grundlegende Funktionen und sind f\u00fcr das ordnungsgem\u00e4\u00dfe Funktionieren der Website erforderlich. Diese Cookies und Dienste erfordern keine Zustimmung des Nutzers gem\u00e4\u00df der DSGVO.<\/div>\n\n            <\/div>\n            <div class=\"mhcookie-shortcode-list-wrapper\" data-group=\"essential\">\n                  <ul class=\"mhcookie-shortcode-group--list\">\n                                                      <li class=\"mhcookie-shortcode-group--list-item\">\n                                    wordpress_logged_in_*                              <\/li>\n                                                      <li class=\"mhcookie-shortcode-group--list-item\">\n                                    wordpress_test_cookie                              <\/li>\n                                                      <li class=\"mhcookie-shortcode-group--list-item\">\n                                    wp_lang                              <\/li>\n                                                      <li class=\"mhcookie-shortcode-group--list-item\">\n                                    wp-settings-*                              <\/li>\n                                                      <li class=\"mhcookie-shortcode-group--list-item\">\n                                    wp-settings-time-*                              <\/li>\n                                          <\/ul>\n            <\/div>\n      <\/div>\n                                    <div class=\"mhcookie-shortcode-wrapper mhcookie-shortcode-cookies-wrapper\" data-group=\"analytics\">\n            <div class=\"mhcookie-shortcode-group\">\n                  <label class=\"mhcookie-shortcode-group-label\">Analyse<\/label>\n                  <div class=\"mhcookie-shortcode-group-description\">Statistik-Cookies sammeln Nutzungsinformationen, die uns Einblicke geben, wie unsere Besucher mit unserer Website interagieren.<\/div>\n\n            <\/div>\n            <div class=\"mhcookie-shortcode-list-wrapper\" data-group=\"analytics\">\n                  <ul class=\"mhcookie-shortcode-group--list\">\n                                                      <li class=\"mhcookie-shortcode-group--list-item\">\n                                    __utma                              <\/li>\n                                                      <li class=\"mhcookie-shortcode-group--list-item\">\n                                    __utmc                              <\/li>\n                                                      <li class=\"mhcookie-shortcode-group--list-item\">\n                                    _ga                              <\/li>\n                                                      <li class=\"mhcookie-shortcode-group--list-item\">\n                                    _ga_*                              <\/li>\n                                                      <li class=\"mhcookie-shortcode-group--list-item\">\n                                    mp_*_mixpanel                              <\/li>\n                                          <\/ul>\n            <\/div>\n      <\/div>\n                                                <div class=\"mhcookie-shortcode-wrapper mhcookie-shortcode-cookies-wrapper\" data-group=\"other\">\n            <div class=\"mhcookie-shortcode-group\">\n                  <label class=\"mhcookie-shortcode-group-label\">Andere Dienste<\/label>\n                  <div class=\"mhcookie-shortcode-group-description\">Diese Kategorie umfasst alle Cookies, Domains und Dienste, die nicht in die anderen spezifischen Kategorien fallen oder nicht eindeutig kategorisiert wurden.<\/div>\n\n            <\/div>\n            <div class=\"mhcookie-shortcode-list-wrapper\" data-group=\"other\">\n                  <ul class=\"mhcookie-shortcode-group--list\">\n                                                      <li class=\"mhcookie-shortcode-group--list-item\">\n                                    __mp_opt_in_out_*                              <\/li>\n                                                      <li class=\"mhcookie-shortcode-group--list-item\">\n                                    __wpkreporterwid_                              <\/li>\n                                                      <li class=\"mhcookie-shortcode-group--list-item\">\n                                    _dd_s                              <\/li>\n                                                      <li class=\"mhcookie-shortcode-group--list-item\">\n                                    amp_*                              <\/li>\n                                                      <li class=\"mhcookie-shortcode-group--list-item\">\n                                    bcsi-cs-*                              <\/li>\n                                                      <li class=\"mhcookie-shortcode-group--list-item\">\n                                    cookieyes-consent                              <\/li>\n                                                      <li class=\"mhcookie-shortcode-group--list-item\">\n                                    perf_*                              <\/li>\n                                                      <li class=\"mhcookie-shortcode-group--list-item\">\n                                    SL_G_WPT_TO                              <\/li>\n                                                      <li class=\"mhcookie-shortcode-group--list-item\">\n                                    SL_GWPT_Show_Hide_tmp                              <\/li>\n                                                      <li class=\"mhcookie-shortcode-group--list-item\">\n                                    SL_wptGlobTipTmp                              <\/li>\n                                                      <li class=\"mhcookie-shortcode-group--list-item\">\n                                    SLO_GWPT_Show_Hide_tmp                              <\/li>\n                                                      <li class=\"mhcookie-shortcode-group--list-item\">\n                                    SLO_wptGlobTipTmp                              <\/li>\n                                                      <li class=\"mhcookie-shortcode-group--list-item\">\n                                    ssm_au_c                              <\/li>\n                                                      <li class=\"mhcookie-shortcode-group--list-item\">\n                                    x-hng                              <\/li>\n                                          <\/ul>\n            <\/div>\n      <\/div>\n      \n<\/div>\n\t\t\t\t\t\t<\/div>\n\t\t\t\t<\/div>\n\t\t\t\t<div class=\"elementor-element elementor-element-ab4a725 elementor-widget elementor-widget-html\" data-id=\"ab4a725\" data-element_type=\"widget\" data-e-type=\"widget\" data-widget_type=\"html.default\">\n\t\t\t\t<div class=\"elementor-widget-container\">\n\t\t\t\t\tDar\u00fcber hinaus bieten verschiedene Browser unterschiedliche Methoden zum Blockieren und L\u00f6schen von Cookies, die von Websites verwendet werden. Sie k\u00f6nnen Ihre Browsereinstellungen \u00e4ndern, um Cookies zu blockieren\/l\u00f6schen. Nachstehend finden Sie Links zu Dokumenten \u00fcber die Verwaltung und L\u00f6schung von Cookies in den wichtigsten Webbrowsern.<\/p><p>Chrome: <a target=\"_blank\" rel=\"noopener noreferrer\" href=\"https:\/\/support.google.com\/accounts\/answer\/32050\">https:\/\/support.google.com\/accounts\/answer\/32050<\/a><\/p><p>Safari: <a target=\"_blank\" rel=\"noopener noreferrer\" href=\"https:\/\/support.apple.com\/en-in\/guide\/safari\/sfri11471\/mac\">https:\/\/support.apple.com\/en-in\/guide\/safari\/sfri11471\/mac<\/a><\/p><p>Firefox: <a target=\"_blank\" rel=\"noopener noreferrer\" href=\"https:\/\/support.mozilla.org\/en-US\/kb\/clear-cookies-and-site-data-firefox?redirectslug=delete-cookies-remove-info-websites-stored&amp;redirectlocale=en-US\">https:\/\/support.mozilla.org\/en-US\/kb\/clear-cookies-and-site-data-firefox?redirectslug=delete-cookies-remove-info-websites-stored&amp;redirectlocale=en-US<\/a><\/p><p>Internet Explorer: <a target=\"_blank\" rel=\"noopener noreferrer\" href=\"https:\/\/support.microsoft.com\/en-us\/topic\/how-to-delete-cookie-files-in-internet-explorer-bca9446f-d873-78de-77ba-d42645fa52fc\">https:\/\/support.microsoft.com\/en-us\/topic\/how-to-delete-cookie-files-in-internet-explorer-bca9446f-d873-78de-77ba-d42645fa52fc<\/a><\/p><p>Wenn Sie einen anderen Browser verwenden, lesen Sie bitte die offiziellen Dokumente zur Browserunterst\u00fctzung.<\/p><\/div>\t\t\t\t<\/div>\n\t\t\t\t<\/div>\n\t\t\t\t\t<\/div>\n\t\t<\/div>\n\t\t\t\t\t<\/div>\n\t\t<\/section>\n\t\t\t\t<\/div>","protected":false},"excerpt":{"rendered":"<p>Kezd\u0151lap Mik azok a s\u00fctik? Ez a Cookie-szab\u00e1lyzat elmagyar\u00e1zza, hogy mik azok a cookie-k \u00e9s hogyan haszn\u00e1ljuk \u0151ket, milyen t\u00edpus\u00fa cookie-kat haszn\u00e1lunk, azaz milyen inform\u00e1ci\u00f3kat gy\u0171jt\u00fcnk a cookie-k seg\u00edts\u00e9g\u00e9vel \u00e9s hogyan haszn\u00e1ljuk fel ezeket az inform\u00e1ci\u00f3kat, valamint hogyan kezelheti a cookie-be\u00e1ll\u00edt\u00e1sokat.. A s\u00fctik olyan kis sz\u00f6veges f\u00e1jlok, amelyek kis inform\u00e1ci\u00f3k t\u00e1rol\u00e1s\u00e1ra szolg\u00e1lnak. Ezek akkor t\u00e1rol\u00f3dnak [&hellip;]<\/p>\n","protected":false},"author":1,"featured_media":0,"parent":0,"menu_order":0,"comment_status":"closed","ping_status":"closed","template":"","meta":{"_acf_changed":false,"footnotes":""},"class_list":["post-3412","page","type-page","status-publish","hentry"],"acf":[],"_links":{"self":[{"href":"https:\/\/deltatech.hu\/de\/wp-json\/wp\/v2\/pages\/3412","targetHints":{"allow":["GET"]}}],"collection":[{"href":"https:\/\/deltatech.hu\/de\/wp-json\/wp\/v2\/pages"}],"about":[{"href":"https:\/\/deltatech.hu\/de\/wp-json\/wp\/v2\/types\/page"}],"author":[{"embeddable":true,"href":"https:\/\/deltatech.hu\/de\/wp-json\/wp\/v2\/users\/1"}],"replies":[{"embeddable":true,"href":"https:\/\/deltatech.hu\/de\/wp-json\/wp\/v2\/comments?post=3412"}],"version-history":[{"count":16,"href":"https:\/\/deltatech.hu\/de\/wp-json\/wp\/v2\/pages\/3412\/revisions"}],"predecessor-version":[{"id":3905,"href":"https:\/\/deltatech.hu\/de\/wp-json\/wp\/v2\/pages\/3412\/revisions\/3905"}],"wp:attachment":[{"href":"https:\/\/deltatech.hu\/de\/wp-json\/wp\/v2\/media?parent=3412"}],"curies":[{"name":"wp","href":"https:\/\/api.w.org\/{rel}","templated":true}]}}